{"id":4556,"date":"2024-04-15T23:42:16","date_gmt":"2024-04-15T20:42:16","guid":{"rendered":"https:\/\/handanozturk.com\/?page_id=4556"},"modified":"2024-05-15T23:56:31","modified_gmt":"2024-05-15T20:56:31","slug":"tez","status":"publish","type":"page","link":"https:\/\/handanozturk.com\/tr\/tez\/","title":{"rendered":"TEZ"},"content":{"rendered":"<p>[vc_row full_width=&#8221;stretch_row&#8221; bg_type=&#8221;image&#8221; bg_image_new=&#8221;785&#8243; enable_overlay=&#8221;enable_overlay_value&#8221; overlay_style=&#8221;custom_gradient&#8221; overlay_opacity=&#8221;90&#8243; css=&#8221;.vc_custom_1713214216871{margin-bottom: 0px !important;padding-top: 50px !important;padding-bottom: 50px !important;}&#8221; overlay_grad=&#8221;background: -webkit-gradient(linear, left top, left bottom, color-stop(0%, #94B9FF), color-stop(100%, #CDFFD8));background: -moz-linear-gradient(top,#94B9FF 0%,#CDFFD8 100%);background: -webkit-linear-gradient(top,#94B9FF 0%,#CDFFD8 100%);background: -o-linear-gradient(top,#94B9FF 0%,#CDFFD8 100%);background: -ms-linear-gradient(top,#94B9FF 0%,#CDFFD8 100%);background: linear-gradient(top,#94B9FF 0%,#CDFFD8 100%);&#8221;][vc_column][vc_custom_heading text=&#8221;Tez&#8221; font_container=&#8221;tag:h1|font_size:60px|text_align:center|color:%23ffffff|line_height:1em&#8221; use_theme_fonts=&#8221;yes&#8221;][\/vc_column][\/vc_row][vc_row full_width=&#8221;stretch_row&#8221; css=&#8221;.vc_custom_1713214344969{margin-bottom: 0px !important;padding-top: 100px !important;padding-bottom: 100px !important;background-color: #fbfbfb !important;}&#8221;][vc_column el_class=&#8221;wow fadeInUp&#8221;][vc_column_text]<\/p>\n<h1>THE IMPACT OF ROSENBERG\u2019S NONVIOLENT COMMUNICATION APPROACH ON PEACE EDUCATION<\/h1>\n<p>[\/vc_column_text][vc_column_text]Bu tez, sosyal, ekonomik, politik, teknolojik, bilimsel, hukuksal ve \u00e7evresel a\u00e7\u0131dan bak\u0131ld\u0131\u011f\u0131nda \u015fiddetin olmad\u0131\u011f\u0131, bar\u0131\u015fc\u0131l ve \u015fefkatli bir d\u00fcnyan\u0131n hayaliyle ger\u00e7ekle\u015fti. Bu tez, sade, pratik ve s\u00fcrd\u00fcr\u00fclebilir oldu\u011fu iddia edilen Rosenberg&#8217;in \u015eiddetsiz \u0130leti\u015fim yakla\u015f\u0131m\u0131n\u0131n bar\u0131\u015f e\u011fitimine ki\u015fisel d\u00fczeydeki etkisinden uluslararas\u0131 d\u00fczeydeki etkisine kadar ara\u015ft\u0131r\u0131p sunuyor. Bu tez, bar\u0131\u015fa ve sosyal d\u00f6n\u00fc\u015f\u00fcme katk\u0131 sunmay\u0131 ama\u00e7 edinmi\u015f \u00e7at\u0131\u015fma d\u00f6n\u00fc\u015f\u00fcm uzmanlar\u0131, bar\u0131\u015f i\u015f\u00e7ileri, bar\u0131\u015f e\u011fitimcileri, uluslararas\u0131 arabulucular vb uzmanlar\u0131n s\u00fcrekli geli\u015fimine hizmet edebilir. \u015eiddetsiz \u0130leti\u015fim yakla\u015f\u0131m\u0131n\u0131n katk\u0131s\u0131 anlamak i\u00e7in bu tez \u00f6ncelikle, var olan kaynaklar\u0131 inceleyerek \u015eiddetsiz \u0130leti\u015fim yakla\u015f\u0131m\u0131n bar\u0131\u015f e\u011fitimi \u00fczerindeki potansiyel etkisini sunuyor. Sonras\u0131nda, \u0130stanbul, \u00dcsk\u00fcdar \u00dcniversitesi\u2019nin Bar\u0131\u015f ve \u00c7al\u0131\u015fma \u00c7al\u0131\u015fmalar\u0131 dersinde, \u015eiddetsiz \u0130leti\u015fim e\u011fitimi alan, dokuz farkl\u0131 \u00fclkeden gelen 3. ve 4. s\u0131n\u0131f Uluslararas\u0131 \u0130li\u015fkiler ve Siyaset Bilimi \u00f6\u011frencileriyle ger\u00e7ekle\u015fmi\u015f saha \u00e7al\u0131\u015fmas\u0131n\u0131n analizini ve bulgular\u0131n\u0131 sunuyor. Tez sonu\u00e7lar\u0131 Rosenberg&#8217;in \u015fiddetsiz ileti\u015fim yakla\u015f\u0131m\u0131n\u0131n bar\u0131\u015f e\u011fitimine etkisinin olumlu oldu\u011funu g\u00f6stermektedir.[\/vc_column_text][vc_btn title=&#8221;Tezi PDF olarak indirin&#8221; color=&#8221;sky&#8221; link=&#8221;url:https%3A%2F%2Fhandanozturk.com%2Fwp-content%2Fuploads%2F2024%2F04%2Fthe-impact-of-rosenbergs-nvc-approach-on-peace-education-handan-ozturk.pdf|target:_blank&#8221;][\/vc_column][\/vc_row]<\/p>\n","protected":false},"excerpt":{"rendered":"<p>[vc_row full_width=&#8221;stretch_row&#8221; bg_type=&#8221;image&#8221; bg_image_new=&#8221;785&#8243; enable_overlay=&#8221;enable_overlay_value&#8221; overlay_style=&#8221;custom_gradient&#8221; overlay_opacity=&#8221;90&#8243; css=&#8221;.vc_custom_1713214216871{margin-bottom: 0px !important;padding-top: 50px !important;padding-bottom: 50px !important;}&#8221; overlay_grad=&#8221;background: -webkit-gradient(linear, left top, left bottom, color-stop(0%, #94B9FF), color-stop(100%, #CDFFD8));background: -moz-linear-gradient(top,#94B9FF 0%,#CDFFD8 100%);background: -webkit-linear-gradient(top,#94B9FF 0%,#CDFFD8 100%);background: -o-linear-gradient(top,#94B9FF 0%,#CDFFD8 100%);background: -ms-linear-gradient(top,#94B9FF 0%,#CDFFD8 100%);background: linear-gradient(top,#94B9FF 0%,#CDFFD8 100%);&#8221;][vc_column][vc_custom_heading text=&#8221;Tez&#8221; font_container=&#8221;tag:h1|font_size:60px|text_align:center|color:%23ffffff|line_height:1em&#8221; use_theme_fonts=&#8221;yes&#8221;][\/vc_column][\/vc_row][vc_row full_width=&#8221;stretch_row&#8221; css=&#8221;.vc_custom_1713214344969{margin-bottom: 0px !important;padding-top: 100px !important;padding-bottom: 100px !important;background-color: #fbfbfb !important;}&#8221;][vc_column el_class=&#8221;wow fadeInUp&#8221;][vc_column_text] THE [&hellip;]<\/p>\n","protected":false},"author":1,"featured_media":0,"parent":0,"menu_order":0,"comment_status":"closed","ping_status":"closed","template":"","meta":{"footnotes":""},"aioseo_notices":[],"_links":{"self":[{"href":"https:\/\/handanozturk.com\/tr\/wp-json\/wp\/v2\/pages\/4556"}],"collection":[{"href":"https:\/\/handanozturk.com\/tr\/wp-json\/wp\/v2\/pages"}],"about":[{"href":"https:\/\/handanozturk.com\/tr\/wp-json\/wp\/v2\/types\/page"}],"author":[{"embeddable":true,"href":"https:\/\/handanozturk.com\/tr\/wp-json\/wp\/v2\/users\/1"}],"replies":[{"embeddable":true,"href":"https:\/\/handanozturk.com\/tr\/wp-json\/wp\/v2\/comments?post=4556"}],"version-history":[{"count":11,"href":"https:\/\/handanozturk.com\/tr\/wp-json\/wp\/v2\/pages\/4556\/revisions"}],"predecessor-version":[{"id":4912,"href":"https:\/\/handanozturk.com\/tr\/wp-json\/wp\/v2\/pages\/4556\/revisions\/4912"}],"wp:attachment":[{"href":"https:\/\/handanozturk.com\/tr\/wp-json\/wp\/v2\/media?parent=4556"}],"curies":[{"name":"wp","href":"https:\/\/api.w.org\/{rel}","templated":true}]}}