{"id":4542,"date":"2024-04-15T23:25:17","date_gmt":"2024-04-15T20:25:17","guid":{"rendered":"https:\/\/handanozturk.com\/?page_id=4542"},"modified":"2024-05-20T14:12:04","modified_gmt":"2024-05-20T11:12:04","slug":"sarkilar","status":"publish","type":"page","link":"https:\/\/handanozturk.com\/tr\/sarkilar\/","title":{"rendered":"\u015eark\u0131lar"},"content":{"rendered":"<p>[vc_row full_width=&#8221;stretch_row&#8221; bg_type=&#8221;image&#8221; bg_image_new=&#8221;785&#8243; enable_overlay=&#8221;enable_overlay_value&#8221; overlay_style=&#8221;custom_gradient&#8221; overlay_opacity=&#8221;90&#8243; css=&#8221;.vc_custom_1713213454678{margin-bottom: 0px !important;padding-top: 50px !important;padding-bottom: 50px !important;}&#8221; overlay_grad=&#8221;background: -webkit-gradient(linear, left top, left bottom, color-stop(0%, #94B9FF), color-stop(100%, #CDFFD8));background: -moz-linear-gradient(top,#94B9FF 0%,#CDFFD8 100%);background: -webkit-linear-gradient(top,#94B9FF 0%,#CDFFD8 100%);background: -o-linear-gradient(top,#94B9FF 0%,#CDFFD8 100%);background: -ms-linear-gradient(top,#94B9FF 0%,#CDFFD8 100%);background: linear-gradient(top,#94B9FF 0%,#CDFFD8 100%);&#8221;][vc_column][vc_custom_heading text=&#8221;\u015eark\u0131lar&#8221; font_container=&#8221;tag:h1|font_size:60px|text_align:center|color:%23ffffff|line_height:1em&#8221; use_theme_fonts=&#8221;yes&#8221;][\/vc_column][\/vc_row][vc_row full_width=&#8221;stretch_row_content&#8221; gap=&#8221;10&#8243; css=&#8221;.vc_custom_1713212848623{margin-bottom: 0px !important;padding-top: 100px !important;padding-right: 50px !important;padding-bottom: 20px !important;padding-left: 50px !important;background-color: #fbfbfb !important;}&#8221;][vc_column width=&#8221;1\/2&#8243; bg_type=&#8221;bg_color&#8221; bg_solid_color=&#8221;#efefef&#8221; el_class=&#8221;wow fadeInUp&#8221;][vc_video link=&#8221;https:\/\/www.youtube.com\/watch?v=ikm5gFxqelI&#8221;][vc_column_text]<\/p>\n<h3 style=\"font-weight: 400;\"><strong>CAN EV\u0130NDE<\/strong><\/h3>\n<p style=\"font-weight: 400;\">Y\u00fcre\u011fin orta yerindeki can\u0131 dinleyerek<\/p>\n<p style=\"font-weight: 400;\">Kalben kalbe ANLA\u015e benimle<\/p>\n<p style=\"font-weight: 400;\">Iss\u0131zla\u015fmadan ANLA\u015e kendinle<\/p>\n<p style=\"font-weight: 400;\">ANLA\u015e A\u015eK ile<\/p>\n<p style=\"font-weight: 400;\">\u00c7at\u0131\u015fmadan BARI\u015e kendinle<\/p>\n<p style=\"font-weight: 400;\">BARI\u015e benimle<\/p>\n<p style=\"font-weight: 400;\">BARI\u015e A\u015eK ile<\/p>\n<p style=\"font-weight: 400;\">Ey kendine gelen \u0130NS AN<\/p>\n<p style=\"font-weight: 400;\">\u015eefkatle \u015fak\u0131yarak<\/p>\n<p style=\"font-weight: 400;\">Cancana \u0131\u015f\u0131yarak<\/p>\n<p style=\"font-weight: 400;\">A\u015eK\u0131n kanunu B\u0130R olarak<\/p>\n<p style=\"font-weight: 400;\">Bulu\u015f benimle<\/p>\n<p style=\"font-weight: 400;\">Can evinde<\/p>\n<p style=\"font-weight: 400;\">Can evinde<\/p>\n<p>&nbsp;<\/p>\n<p style=\"font-weight: 400;\">NEYim misin sen<\/p>\n<p style=\"font-weight: 400;\">KURdu\u011fum ANs\u0131n sen<\/p>\n<p style=\"font-weight: 400;\">Solu\u011fum nefesim sen<\/p>\n<p style=\"font-weight: 400;\">Beyaz duygular selisin<\/p>\n<p style=\"font-weight: 400;\">Dualar\u0131ma denk gelensin<\/p>\n<p style=\"font-weight: 400;\">D\u00fcnyadaki cennetim sen<\/p>\n<p style=\"font-weight: 400;\">Giderek bensin sen<\/p>\n<p style=\"font-weight: 400;\">Tek hece A\u015eKtan ricam sen<\/p>\n<p style=\"font-weight: 400;\">Duygular\u0131n saf hali sen<\/p>\n<p style=\"font-weight: 400;\">BARI\u015e benimle<\/p>\n<p style=\"font-weight: 400;\">BARI\u015e kendinle<\/p>\n<p style=\"font-weight: 400;\">Eyy kendine gelen \u0130NS AN<\/p>\n<p style=\"font-weight: 400;\">\u015eefkatle \u015fak\u0131yarak<\/p>\n<p style=\"font-weight: 400;\">Cancana \u0131\u015f\u0131yarak<\/p>\n<p style=\"font-weight: 400;\">A\u015eK\u0131n kanunu B\u0130R olarak<\/p>\n<p style=\"font-weight: 400;\">Bulu\u015f benimle<\/p>\n<p style=\"font-weight: 400;\">Can evinde<\/p>\n<p style=\"font-weight: 400;\">Can evinde<\/p>\n<p>Spotify&#8217;da dinlemek i\u00e7in <a href=\"https:\/\/open.spotify.com\/track\/0RlVXEqy7f5mmWTftylHKu?si=tYDMINxVQ2SBF-zQoB-Gtg\">buraya t\u0131klay\u0131n.<\/a>[\/vc_column_text][\/vc_column][vc_column width=&#8221;1\/2&#8243; bg_type=&#8221;bg_color&#8221; bg_solid_color=&#8221;#dfdfdf&#8221; el_class=&#8221;wow fadeInUp delay-200&#8243;][vc_video link=&#8221;https:\/\/www.youtube.com\/watch?v=Mxr0wZ3hO18&#8243;][vc_column_text]<\/p>\n<h3>BARI\u015e B\u0130R \u0130LE<\/h3>\n<p style=\"font-weight: 400;\">Y\u00fcre\u011fin orta yerindeki can\u0131 dinleyerek<\/p>\n<p style=\"font-weight: 400;\">Kalpten kalbe anla\u015f benimle<\/p>\n<p style=\"font-weight: 400;\">\u00c7at\u0131\u015fmadan bar\u0131\u015f kendinle<\/p>\n<p style=\"font-weight: 400;\">Bar\u0131\u015f benimle<\/p>\n<p style=\"font-weight: 400;\">Bar\u0131\u015f B\u0130R ile<\/p>\n<p style=\"font-weight: 400;\">Iss\u0131zla\u015fmadan bar\u0131\u015f kendinle<\/p>\n<p style=\"font-weight: 400;\">Bar\u0131\u015f benimle<\/p>\n<p style=\"font-weight: 400;\">Bar\u0131\u015f B\u0130R ile<\/p>\n<p style=\"font-weight: 400;\">Biricik sevdam T\u00fcrkiyem<\/p>\n<p style=\"font-weight: 400;\">G\u00f6zetti\u011fim cennetim sen<\/p>\n<p style=\"font-weight: 400;\">Duygular\u0131m\u0131n sevgimin dili<\/p>\n<p style=\"font-weight: 400;\">\u0130htiya\u00e7lar\u0131m\u0131n tek yeri<\/p>\n<p style=\"font-weight: 400;\">Birlik bar\u0131\u015f dile\u011fim<\/p>\n<p style=\"font-weight: 400;\">D\u00fcnyaya bedel yuvam sensin<\/p>\n<p style=\"font-weight: 400;\">B\u0130R sensin<\/p>\n<p style=\"font-weight: 400;\">Ey kendine giden insan<\/p>\n<p style=\"font-weight: 400;\">\u015eefkatle \u015fak\u0131yarak<\/p>\n<p style=\"font-weight: 400;\">Cancana \u0131\u015f\u0131yarak<\/p>\n<p style=\"font-weight: 400;\">Hepbirlikte hep bir olarak<\/p>\n<p style=\"font-weight: 400;\">A\u015fk ile halay \u00e7ekelim<\/p>\n<p style=\"font-weight: 400;\">Birlik i\u00e7inde<\/p>\n<p style=\"font-weight: 400;\">Solu\u011fum nefesim sensin<\/p>\n<p style=\"font-weight: 400;\">\u00d6zg\u00fcnce g\u00f6zledi\u011fim sen<\/p>\n<p style=\"font-weight: 400;\">Duygular\u0131m\u0131n yegane dili<\/p>\n<p style=\"font-weight: 400;\">\u0130htiya\u00e7lar\u0131m\u0131n tek hali<\/p>\n<p style=\"font-weight: 400;\">Tek hece a\u015fktan ricam sen<\/p>\n<p style=\"font-weight: 400;\">Gitgide safla\u015fan sen bensin<\/p>\n<p style=\"font-weight: 400;\">B\u0130R sensin<\/p>\n<p style=\"font-weight: 400;\">Y\u00fcre\u011fin orta yerindeki can\u0131 dinleyerek<\/p>\n<p style=\"font-weight: 400;\">Kalpten kalbe anla\u015f benimle<\/p>\n<p style=\"font-weight: 400;\">\u00c7at\u0131\u015fmadan bar\u0131\u015f kendinle<\/p>\n<p style=\"font-weight: 400;\">Bar\u0131\u015f benimle<\/p>\n<p style=\"font-weight: 400;\">Bar\u0131\u015f B\u0130R ile<\/p>\n<p style=\"font-weight: 400;\">Iss\u0131zla\u015fmadan bar\u0131\u015f kendinle<\/p>\n<p style=\"font-weight: 400;\">Bar\u0131\u015f benimle<\/p>\n<p style=\"font-weight: 400;\">Bar\u0131\u015f B\u0130R ile<\/p>\n<p style=\"font-weight: 400;\">Ey kendine giden yolcu<\/p>\n<p style=\"font-weight: 400;\">\u015eefkatle \u015fak\u0131yarak<\/p>\n<p style=\"font-weight: 400;\">Cancana \u0131\u015f\u0131yarak<\/p>\n<p style=\"font-weight: 400;\">A\u015fk\u0131n galibi B\u0130R olarak<\/p>\n<p style=\"font-weight: 400;\">Ya\u015famla fl\u00f6rt edelim seninle<\/p>\n<p style=\"font-weight: 400;\"><span style=\"font-weight: 400;\">Can evinde<\/span><\/p>\n<p>\u00a0[\/vc_column_text][\/vc_column][\/vc_row]<\/p>\n","protected":false},"excerpt":{"rendered":"<p>[vc_row full_width=&#8221;stretch_row&#8221; bg_type=&#8221;image&#8221; bg_image_new=&#8221;785&#8243; enable_overlay=&#8221;enable_overlay_value&#8221; overlay_style=&#8221;custom_gradient&#8221; overlay_opacity=&#8221;90&#8243; css=&#8221;.vc_custom_1713213454678{margin-bottom: 0px !important;padding-top: 50px !important;padding-bottom: 50px !important;}&#8221; overlay_grad=&#8221;background: -webkit-gradient(linear, left top, left bottom, color-stop(0%, #94B9FF), color-stop(100%, #CDFFD8));background: -moz-linear-gradient(top,#94B9FF 0%,#CDFFD8 100%);background: -webkit-linear-gradient(top,#94B9FF 0%,#CDFFD8 100%);background: -o-linear-gradient(top,#94B9FF 0%,#CDFFD8 100%);background: -ms-linear-gradient(top,#94B9FF 0%,#CDFFD8 100%);background: linear-gradient(top,#94B9FF 0%,#CDFFD8 100%);&#8221;][vc_column][vc_custom_heading text=&#8221;\u015eark\u0131lar&#8221; font_container=&#8221;tag:h1|font_size:60px|text_align:center|color:%23ffffff|line_height:1em&#8221; use_theme_fonts=&#8221;yes&#8221;][\/vc_column][\/vc_row][vc_row full_width=&#8221;stretch_row_content&#8221; gap=&#8221;10&#8243; css=&#8221;.vc_custom_1713212848623{margin-bottom: 0px !important;padding-top: 100px !important;padding-right: 50px !important;padding-bottom: 20px !important;padding-left: 50px !important;background-color: [&hellip;]<\/p>\n","protected":false},"author":1,"featured_media":0,"parent":0,"menu_order":0,"comment_status":"closed","ping_status":"closed","template":"","meta":{"footnotes":""},"aioseo_notices":[],"_links":{"self":[{"href":"https:\/\/handanozturk.com\/tr\/wp-json\/wp\/v2\/pages\/4542"}],"collection":[{"href":"https:\/\/handanozturk.com\/tr\/wp-json\/wp\/v2\/pages"}],"about":[{"href":"https:\/\/handanozturk.com\/tr\/wp-json\/wp\/v2\/types\/page"}],"author":[{"embeddable":true,"href":"https:\/\/handanozturk.com\/tr\/wp-json\/wp\/v2\/users\/1"}],"replies":[{"embeddable":true,"href":"https:\/\/handanozturk.com\/tr\/wp-json\/wp\/v2\/comments?post=4542"}],"version-history":[{"count":13,"href":"https:\/\/handanozturk.com\/tr\/wp-json\/wp\/v2\/pages\/4542\/revisions"}],"predecessor-version":[{"id":4972,"href":"https:\/\/handanozturk.com\/tr\/wp-json\/wp\/v2\/pages\/4542\/revisions\/4972"}],"wp:attachment":[{"href":"https:\/\/handanozturk.com\/tr\/wp-json\/wp\/v2\/media?parent=4542"}],"curies":[{"name":"wp","href":"https:\/\/api.w.org\/{rel}","templated":true}]}}