{"id":3264,"date":"2021-05-31T10:58:17","date_gmt":"2021-05-31T07:58:17","guid":{"rendered":"https:\/\/handanozturk.com\/?page_id=3264"},"modified":"2024-05-23T10:47:33","modified_gmt":"2024-05-23T07:47:33","slug":"vip-kocluk-ve-mentorluk","status":"publish","type":"page","link":"https:\/\/handanozturk.com\/tr\/vip-kocluk-ve-mentorluk\/","title":{"rendered":"VIP KO\u00c7LUK VE MENTORLUK"},"content":{"rendered":"<p>[vc_row full_width=&#8221;stretch_row&#8221; bg_type=&#8221;image&#8221; bg_image_new=&#8221;3091&#8243; enable_overlay=&#8221;enable_overlay_value&#8221; overlay_style=&#8221;custom_gradient&#8221; overlay_opacity=&#8221;90&#8243; css=&#8221;.vc_custom_1713186175905{margin-bottom: 0px !important;padding-top: 50px !important;padding-bottom: 50px !important;}&#8221; overlay_grad=&#8221;background: -webkit-gradient(linear, left top, left bottom, color-stop(0%, #94B9FF), color-stop(100%, #CDFFD8));background: -moz-linear-gradient(top,#94B9FF 0%,#CDFFD8 100%);background: -webkit-linear-gradient(top,#94B9FF 0%,#CDFFD8 100%);background: -o-linear-gradient(top,#94B9FF 0%,#CDFFD8 100%);background: -ms-linear-gradient(top,#94B9FF 0%,#CDFFD8 100%);background: linear-gradient(top,#94B9FF 0%,#CDFFD8 100%);&#8221;][vc_column][vc_custom_heading text=&#8221;VIP Ko\u00e7luk ve Mentorluk&#8221; font_container=&#8221;tag:h1|font_size:60px|text_align:center|color:%23ffffff|line_height:1em&#8221; use_theme_fonts=&#8221;yes&#8221;][\/vc_column][\/vc_row][vc_row css=&#8221;.vc_custom_1622454854693{padding-top: 35px !important;padding-bottom: 25px !important;}&#8221;][vc_column][vc_column_text]<\/p>\n<h3 style=\"text-align: center;\"><strong>I<br \/>\nVIP Ko\u00e7luk ve Mentorluk<\/strong><\/h3>\n<p>[\/vc_column_text][vc_column_text]<em>Ko\u00e7luk, dan\u0131\u015fanlar\u0131n ki\u015fisel ve profesyonel potansiyellerini a\u00e7\u0131\u011fa \u00e7\u0131kar\u0131p maksimize etmek amac\u0131yla dan\u0131\u015fan\u0131 derin d\u00fc\u015f\u00fcnd\u00fcrerek kendisinde varolan \u00e7\u00f6z\u00fcmleri dan\u0131\u015fana bulduran, d\u00fc\u015f\u00fcnce do\u011furucu ve yarat\u0131c\u0131 bir s\u00fcre\u00e7te yol arkada\u015fl\u0131\u011f\u0131 yapmakt\u0131r. Ko\u00e7luk ak\u0131l vermek de\u011fil akl\u0131 kulland\u0131rtmakt\u0131r<\/em><em>.<\/em>[\/vc_column_text][vc_column_text]Handan \u00d6zt\u00fcrk, VIP Ko\u00e7luk ile k\u0131s\u0131tl\u0131 zamanlar\u0131n\u0131 etkin ve gizlilikle y\u00f6neterek spesifik alanlarda s\u00fcrekli geli\u015fimi ama\u00e7layan ve nokta at\u0131\u015f\u0131 \u00e7al\u0131\u015fmalarla k\u0131sa s\u00fcrede sonu\u00e7 almak isteyen<\/p>\n<ul>\n<li>\u00dcst D\u00fczey Y\u00f6neticilere,<\/li>\n<li>Komutanlara,<\/li>\n<li>B\u00fcrokratlara,<\/li>\n<li>Siyasi Liderlere,<\/li>\n<li>Kilit Uzmanlara,<\/li>\n<li>Kritik g\u00f6revleri \u00fcstlenen y\u00f6neticilere,<\/li>\n<\/ul>\n<p>&nbsp;<\/p>\n<p>\u0130ngilizce ve T\u00fcrk\u00e7e olarak VIP Ko\u00e7luk ve Mentorluk Hizmetleri sunmaktad\u0131r.<\/p>\n<p>&nbsp;<\/p>\n<p style=\"font-weight: 400;\">Handan \u00d6zt\u00fcrk, 2024 y\u0131l\u0131 itibariyle referans listesinde yer alan kurumlar\u0131n 800 lideri ile 7000 saat birebir \u00e7al\u0131\u015fma tamamlam\u0131\u015ft\u0131r.<\/p>\n<p>&nbsp;<\/p>\n<p style=\"font-weight: 400;\"><strong>Ko\u00e7luk ve Mentorluk hizmetlerinin kapsam\u0131 hakk\u0131nda\u00a0bilgi i\u00e7in\u00a0<\/strong><a href=\"mailto:info@handanozturk.com\"><strong>info@handanozturk.com<\/strong><\/a><strong>\u00a0<\/strong><strong>ya da <\/strong><a title=\"\u0130leti\u015fim\" href=\"https:\/\/handanozturk.com\/tr\/iletisim\/\"><strong>ileti\u015fim formu <\/strong><\/a><strong>\u00fczerinden bizlerle ileti\u015fime ge\u00e7ebilirsiniz.<\/strong><strong> \u00c7al\u0131\u015fmalar\u0131m\u0131n kapsad\u0131\u011f\u0131 <abbr class='c2c-text-hover' title='\u00c7al\u0131\u015fmalar\u0131m\u0131n kapsad\u0131\u011f\u0131 anahtar kelimeler kariyer planlama, gelecek tasar\u0131m\u0131, karl\u0131l\u0131k art\u0131r\u0131m\u0131, yetkinlik art\u0131r\u0131m\u0131, de\u011fi\u015fim y\u00f6netimi,  optimum denge, \u00f6zg\u00fcrl\u00fck, cesaret, netlik, duygusal \u00e7eviklik, merak, \u00e7o\u015fku, ya\u015fama sevinci, \u00f6zde\u011fer, \u00f6zsayg\u0131, \u00f6z\u015fefkat, \u00f6zkabul, \u00f6zg\u00fcven, g\u00f6r\u00fcn\u00fcrl\u00fck, odaklanma, dayan\u0131kl\u0131l\u0131k, \u00e7eviklik, etkinlik, sosyal i\u00e7erme, geribildirim, y\u00f6neticinin y\u00f6netimi, protokol, sosyal davran\u0131\u015f kurallar\u0131, imaj y\u00f6netimi, sat\u0131\u015f g\u00fcc\u00fcn\u00fc art\u0131rma, m\u00fc\u015fteri ili\u015fkileri, beden dili, yarg\u0131s\u0131z g\u00f6zlem, \u00f6zg\u00fcn liderlik, gelecek planlama,  kendini ger\u00e7ekle\u015ftirme, \u00e7at\u0131\u015fma d\u00f6n\u00fc\u015f\u00fcm\u00fc, delegasyon, \u00f6nceliklendirme, stress ve kayg\u0131 y\u00f6netimi, t\u00fckenme, bar\u0131\u015fc\u0131l ileti\u015fim, stratejik d\u00fc\u015f\u00fcnme, b\u00fct\u00fcnc\u00fcl d\u00fc\u015f\u00fcnme, vizyonel liderlik, durumsal liderlik, bar\u0131\u015f, i\u00e7 huzur,  kurumsal g\u00fc\u00e7lenme, i\u015f geli\u015ftirme, kurumi\u00e7i aidiyet, i\u00e7sel motivasyon,, motivasyon, k\u00fclt\u00fcrel de\u011fi\u015fim, inovasyon, yarat\u0131c\u0131 d\u00fc\u015f\u00fcnme,  hitabet, kolayla\u015ft\u0131r\u0131c\u0131l\u0131k, yetenek y\u00f6netimi, performans y\u00f6netimi, ba\u015far\u0131, ili\u015fki geli\u015ftirme, kad\u0131n \u00e7al\u0131\u015fmalar\u0131, zaman ve kaynak y\u00f6netimi,  empati, empatik dinleme, tak\u0131m y\u00f6netimi, zorlay\u0131c\u0131 durumlar\u0131n y\u00f6netimi, mutluluk, tak\u0131m y\u00f6netimi, ko\u00e7luk, mentorluk, etkin sunum, hikaye anlat\u0131c\u0131l\u0131\u011f\u0131, kolayla\u015ft\u0131r\u0131c\u0131l\u0131k \u2026'>anahtar<\/abbr> kelimeleri <\/strong><strong>buradan <\/strong><strong>inceleyebilirsiniz. <\/strong><\/p>\n<p>[\/vc_column_text][\/vc_column][\/vc_row][vc_row full_width=&#8221;stretch_row&#8221; css=&#8221;.vc_custom_1622454827138{padding-top: 35px !important;background-color: #f4f4f4 !important;}&#8221;][vc_column][vc_column_text]<\/p>\n<h3 style=\"text-align: center;\"><strong>II<br \/>\nKo\u00e7lar i\u00e7in Mentorluk<\/strong><\/h3>\n<p>[\/vc_column_text][vc_column_text]<em>Mentorluk uzmanl\u0131k alan\u0131nda daha tecr\u00fcbeli birinin (mentor)<\/em><em>,<\/em><em> kendisinden daha az tecr\u00fcbeli birinin\u00a0(mentee)\u00a0 geli\u015fim s\u00fcrecinde yol g\u00f6sterme, ak\u0131l verme ve biriktirilen deneyimleri payla\u015fmas\u0131na mentorluk denir.<\/em>[\/vc_column_text][vc_column_text]Mentor olarak Handan \u00d6zt\u00fcrk;<\/p>\n<ul>\n<li>ICF \u00dcnvanlama s\u0131nav\u0131na haz\u0131rlanan profesyonel ko\u00e7lar\u0131n tamamlamas\u0131 gereken 10 saat mentorlu\u011fu\u00a0sunarak s\u0131navdan ba\u015far\u0131 elde etmelerine katk\u0131 sunmaktad\u0131r.<\/li>\n<li>Kaliteli ko\u00e7luk seanslar\u0131 ger\u00e7ekle\u015ftirerek hizmetin s\u00fcrd\u00fcr\u00fclebilirli\u011fi i\u00e7in ger\u00e7ekle\u015ftirilmi\u015f ko\u00e7luk seanslar\u0131 \u00fczerinden ko\u00e7luk yetkinliklerini art\u0131rmak amac\u0131yla geri bildirim vermektedir.<\/li>\n<li>Uluslararas\u0131 arenada biriktirdi\u011fi bilgi ve deneyimlerini payla\u015fmaktad\u0131r.<\/li>\n<li>Bir\u00e7ok farkl\u0131 ekolden edindi\u011fi bilgileri ve saha deneyimlerini birle\u015ftirerek geli\u015ftirdi\u011fi \u00f6zg\u00fcn ko\u00e7luk ve mentorluk ara\u00e7lar\u0131n\u0131 payla\u015fmaktad\u0131r.<\/li>\n<\/ul>\n<p>&nbsp;<\/p>\n<p>Bire bir mentorluk hizmetlerine ek olarak, d\u00fczenledi\u011fimiz \u00d6zg\u00fcn At\u00f6lyeler aras\u0131nda yer alan <a href=\"https:\/\/handanozturk.com\/atolyeler#kocluk-ve-mentorluk-araclari\"><u>Ko\u00e7luk ve Mentorluk Ara\u00e7lar\u0131<\/u><\/a> ve <a href=\"https:\/\/handanozturk.com\/atolyeler#donusum-treni\"><u>D\u00f6n\u00fc\u015f\u00fcm Treni<\/u><\/a>\u00a0at\u00f6lyelerimizi de tercih edebilirsiniz.<\/p>\n<p>&nbsp;<\/p>\n<p><strong>Ko\u00e7luk ve Mentorluk hizmetlerinin kapsam\u0131 hakk\u0131nda\u00a0bilgi i\u00e7in\u00a0<\/strong><a href=\"mailto:info@handanozturk.com\"><strong>info@handanozturk.com<\/strong><\/a><strong>\u00a0<\/strong><strong>ya da <\/strong><a title=\"\u0130leti\u015fim\" href=\"https:\/\/handanozturk.com\/tr\/iletisim\/\"><strong>ileti\u015fim formu <\/strong><\/a><strong>\u00fczerinden bizlerle ileti\u015fime ge\u00e7ebilirsiniz.<\/strong><strong> \u00c7al\u0131\u015fmalar\u0131m\u0131n kapsad\u0131\u011f\u0131 <abbr class='c2c-text-hover' title='\u00c7al\u0131\u015fmalar\u0131m\u0131n kapsad\u0131\u011f\u0131 anahtar kelimeler kariyer planlama, gelecek tasar\u0131m\u0131, karl\u0131l\u0131k art\u0131r\u0131m\u0131, yetkinlik art\u0131r\u0131m\u0131, de\u011fi\u015fim y\u00f6netimi,  optimum denge, \u00f6zg\u00fcrl\u00fck, cesaret, netlik, duygusal \u00e7eviklik, merak, \u00e7o\u015fku, ya\u015fama sevinci, \u00f6zde\u011fer, \u00f6zsayg\u0131, \u00f6z\u015fefkat, \u00f6zkabul, \u00f6zg\u00fcven, g\u00f6r\u00fcn\u00fcrl\u00fck, odaklanma, dayan\u0131kl\u0131l\u0131k, \u00e7eviklik, etkinlik, sosyal i\u00e7erme, geribildirim, y\u00f6neticinin y\u00f6netimi, protokol, sosyal davran\u0131\u015f kurallar\u0131, imaj y\u00f6netimi, sat\u0131\u015f g\u00fcc\u00fcn\u00fc art\u0131rma, m\u00fc\u015fteri ili\u015fkileri, beden dili, yarg\u0131s\u0131z g\u00f6zlem, \u00f6zg\u00fcn liderlik, gelecek planlama,  kendini ger\u00e7ekle\u015ftirme, \u00e7at\u0131\u015fma d\u00f6n\u00fc\u015f\u00fcm\u00fc, delegasyon, \u00f6nceliklendirme, stress ve kayg\u0131 y\u00f6netimi, t\u00fckenme, bar\u0131\u015fc\u0131l ileti\u015fim, stratejik d\u00fc\u015f\u00fcnme, b\u00fct\u00fcnc\u00fcl d\u00fc\u015f\u00fcnme, vizyonel liderlik, durumsal liderlik, bar\u0131\u015f, i\u00e7 huzur,  kurumsal g\u00fc\u00e7lenme, i\u015f geli\u015ftirme, kurumi\u00e7i aidiyet, i\u00e7sel motivasyon,, motivasyon, k\u00fclt\u00fcrel de\u011fi\u015fim, inovasyon, yarat\u0131c\u0131 d\u00fc\u015f\u00fcnme,  hitabet, kolayla\u015ft\u0131r\u0131c\u0131l\u0131k, yetenek y\u00f6netimi, performans y\u00f6netimi, ba\u015far\u0131, ili\u015fki geli\u015ftirme, kad\u0131n \u00e7al\u0131\u015fmalar\u0131, zaman ve kaynak y\u00f6netimi,  empati, empatik dinleme, tak\u0131m y\u00f6netimi, zorlay\u0131c\u0131 durumlar\u0131n y\u00f6netimi, mutluluk, tak\u0131m y\u00f6netimi, ko\u00e7luk, mentorluk, etkin sunum, hikaye anlat\u0131c\u0131l\u0131\u011f\u0131, kolayla\u015ft\u0131r\u0131c\u0131l\u0131k \u2026'>anahtar<\/abbr> kelimeleri <\/strong><strong>buradan <\/strong><strong>inceleyebilirsiniz.<\/strong>[\/vc_column_text][\/vc_column][\/vc_row]<\/p>\n","protected":false},"excerpt":{"rendered":"<p>[vc_row full_width=&#8221;stretch_row&#8221; bg_type=&#8221;image&#8221; bg_image_new=&#8221;3091&#8243; enable_overlay=&#8221;enable_overlay_value&#8221; overlay_style=&#8221;custom_gradient&#8221; overlay_opacity=&#8221;90&#8243; css=&#8221;.vc_custom_1713186175905{margin-bottom: 0px !important;padding-top: 50px !important;padding-bottom: 50px !important;}&#8221; overlay_grad=&#8221;background: -webkit-gradient(linear, left top, left bottom, color-stop(0%, #94B9FF), color-stop(100%, #CDFFD8));background: -moz-linear-gradient(top,#94B9FF 0%,#CDFFD8 100%);background: -webkit-linear-gradient(top,#94B9FF 0%,#CDFFD8 100%);background: -o-linear-gradient(top,#94B9FF 0%,#CDFFD8 100%);background: -ms-linear-gradient(top,#94B9FF 0%,#CDFFD8 100%);background: linear-gradient(top,#94B9FF 0%,#CDFFD8 100%);&#8221;][vc_column][vc_custom_heading text=&#8221;VIP Ko\u00e7luk ve Mentorluk&#8221; font_container=&#8221;tag:h1|font_size:60px|text_align:center|color:%23ffffff|line_height:1em&#8221; use_theme_fonts=&#8221;yes&#8221;][\/vc_column][\/vc_row][vc_row css=&#8221;.vc_custom_1622454854693{padding-top: 35px !important;padding-bottom: 25px !important;}&#8221;][vc_column][vc_column_text] I VIP Ko\u00e7luk ve Mentorluk [&hellip;]<\/p>\n","protected":false},"author":1,"featured_media":0,"parent":0,"menu_order":0,"comment_status":"closed","ping_status":"closed","template":"","meta":{"footnotes":""},"aioseo_notices":[],"_links":{"self":[{"href":"https:\/\/handanozturk.com\/tr\/wp-json\/wp\/v2\/pages\/3264"}],"collection":[{"href":"https:\/\/handanozturk.com\/tr\/wp-json\/wp\/v2\/pages"}],"about":[{"href":"https:\/\/handanozturk.com\/tr\/wp-json\/wp\/v2\/types\/page"}],"author":[{"embeddable":true,"href":"https:\/\/handanozturk.com\/tr\/wp-json\/wp\/v2\/users\/1"}],"replies":[{"embeddable":true,"href":"https:\/\/handanozturk.com\/tr\/wp-json\/wp\/v2\/comments?post=3264"}],"version-history":[{"count":9,"href":"https:\/\/handanozturk.com\/tr\/wp-json\/wp\/v2\/pages\/3264\/revisions"}],"predecessor-version":[{"id":5047,"href":"https:\/\/handanozturk.com\/tr\/wp-json\/wp\/v2\/pages\/3264\/revisions\/5047"}],"wp:attachment":[{"href":"https:\/\/handanozturk.com\/tr\/wp-json\/wp\/v2\/media?parent=3264"}],"curies":[{"name":"wp","href":"https:\/\/api.w.org\/{rel}","templated":true}]}}