{"id":3237,"date":"2021-05-28T12:57:35","date_gmt":"2021-05-28T09:57:35","guid":{"rendered":"https:\/\/handanozturk.com\/?page_id=3237"},"modified":"2024-05-23T10:50:15","modified_gmt":"2024-05-23T07:50:15","slug":"motivasyonel-konusmalar","status":"publish","type":"page","link":"https:\/\/handanozturk.com\/tr\/motivasyonel-konusmalar\/","title":{"rendered":"MOT\u0130VASYONEL KONU\u015eMALAR"},"content":{"rendered":"<p>[vc_row full_width=&#8221;stretch_row&#8221; bg_type=&#8221;image&#8221; bg_image_new=&#8221;3091&#8243; enable_overlay=&#8221;enable_overlay_value&#8221; overlay_style=&#8221;custom_gradient&#8221; overlay_opacity=&#8221;90&#8243; css=&#8221;.vc_custom_1713215365461{margin-bottom: 0px !important;padding-top: 50px !important;padding-bottom: 50px !important;}&#8221; overlay_grad=&#8221;background: -webkit-gradient(linear, left top, left bottom, color-stop(0%, #94B9FF), color-stop(100%, #CDFFD8));background: -moz-linear-gradient(top,#94B9FF 0%,#CDFFD8 100%);background: -webkit-linear-gradient(top,#94B9FF 0%,#CDFFD8 100%);background: -o-linear-gradient(top,#94B9FF 0%,#CDFFD8 100%);background: -ms-linear-gradient(top,#94B9FF 0%,#CDFFD8 100%);background: linear-gradient(top,#94B9FF 0%,#CDFFD8 100%);&#8221;][vc_column][vc_custom_heading text=&#8221;Motivasyonel Konu\u015fmalar&#8221; font_container=&#8221;tag:h1|font_size:60px|text_align:center|color:%23ffffff|line_height:1em&#8221; use_theme_fonts=&#8221;yes&#8221;][\/vc_column][\/vc_row][vc_row css=&#8221;.vc_custom_1622206445175{padding-top: 35px !important;}&#8221;][vc_column][vc_column_text]<\/p>\n<h3 style=\"text-align: center;\">Kurumlar\u0131n, Sivil Toplum Kurulu\u015flar\u0131n\u0131n ve Siyaset Akademilerinin\u00a0b\u00fcy\u00fck kitleleri motive etmek amac\u0131yla planlad\u0131klar\u0131 Motivasyonel Konu\u015fmalar\u0131 \u00fclke genelinde ger\u00e7ekle\u015ftiriyoruz.<\/h3>\n<p>[\/vc_column_text][\/vc_column][\/vc_row][vc_row full_width=&#8221;stretch_row&#8221; equal_height=&#8221;yes&#8221; content_placement=&#8221;top&#8221; css=&#8221;.vc_custom_1622206297259{margin-bottom: 0px !important;padding-top: 50px !important;padding-bottom: 90px !important;background-color: #f4f4f4 !important;}&#8221;][vc_column][vc_column_text]Her biri en az 21 dakikal\u0131k show tad\u0131nda olan bu motivasyonel konu\u015fmalarda ihtiya\u00e7 ve beklentiye uygun, korkulardan ar\u0131nma, birlik, bar\u0131\u015f, ne\u015fe, huzur, mutluluk, motivasyon, ileti\u015fim, hitabet, \u00f6zg\u00fcn liderlik, d\u00f6n\u00fc\u015f\u00fcm, i\u00e7sel ileti\u015fim, duygusal ili\u015fkiler, ya\u015famla fl\u00f6rt, tatmin, potansiyel vb temalar \u00e7er\u00e7evesinde nokta at\u0131\u015f\u0131, iz b\u0131rakan mesajlar aktar\u0131l\u0131r.<\/p>\n<p>Vatan\u0131m\u0131z\u0131n 55 ilinde ger\u00e7ekle\u015fmi\u015f, 100.000\u2019in \u00fczerinde kat\u0131l\u0131mc\u0131ya katk\u0131 sa\u011flam\u0131\u015f, 90-120 dakikal\u0131k motivasyonel konu\u015fmalar\u0131m\u0131z;<\/p>\n<ul>\n<li>\u0130\u00e7sel Motivasyon<\/li>\n<li>Bar\u0131\u015fc\u0131l \u0130leti\u015fim ve \u0130li\u015fkiler<\/li>\n<li>Sunum ve Hitabet<\/li>\n<li>Kaf Da\u011f\u0131n\u0131 Saran G\u00f6kku\u015fa\u011f\u0131<\/li>\n<li>Kendine Gelen \u0130nsan<\/li>\n<li>G\u00fcnlerden Handan<\/li>\n<li>Kendini Ger\u00e7ekle\u015ftiren \u00d6zg\u00fcn Lider<\/li>\n<li>Ergenlerle Uyum<\/li>\n<\/ul>\n<p>[\/vc_column_text][\/vc_column][\/vc_row][vc_row][vc_column][vc_column_text]<\/p>\n<p style=\"text-align: center;\"><strong>\u00dccretsiz ihtiya\u00e7 analizi ve \u00f6ng\u00f6r\u00fc\u015fme<\/strong><strong>\u00a0i\u00e7in <a href=\"mailto:info@handanozturk.com\">info@handanozturk.com<\/a>\u00a0ya da <a title=\"\u0130leti\u015fim\" href=\"https:\/\/handanozturk.com\/tr\/iletisim\/\">ileti\u015fim formu <\/a>\u00fczerinden bizlerle ileti\u015fime ge\u00e7ebilirsiniz. \u00c7al\u0131\u015fmalar\u0131m\u0131n kapsad\u0131\u011f\u0131 <abbr class='c2c-text-hover' title='\u00c7al\u0131\u015fmalar\u0131m\u0131n kapsad\u0131\u011f\u0131 anahtar kelimeler kariyer planlama, gelecek tasar\u0131m\u0131, karl\u0131l\u0131k art\u0131r\u0131m\u0131, yetkinlik art\u0131r\u0131m\u0131, de\u011fi\u015fim y\u00f6netimi,  optimum denge, \u00f6zg\u00fcrl\u00fck, cesaret, netlik, duygusal \u00e7eviklik, merak, \u00e7o\u015fku, ya\u015fama sevinci, \u00f6zde\u011fer, \u00f6zsayg\u0131, \u00f6z\u015fefkat, \u00f6zkabul, \u00f6zg\u00fcven, g\u00f6r\u00fcn\u00fcrl\u00fck, odaklanma, dayan\u0131kl\u0131l\u0131k, \u00e7eviklik, etkinlik, sosyal i\u00e7erme, geribildirim, y\u00f6neticinin y\u00f6netimi, protokol, sosyal davran\u0131\u015f kurallar\u0131, imaj y\u00f6netimi, sat\u0131\u015f g\u00fcc\u00fcn\u00fc art\u0131rma, m\u00fc\u015fteri ili\u015fkileri, beden dili, yarg\u0131s\u0131z g\u00f6zlem, \u00f6zg\u00fcn liderlik, gelecek planlama,  kendini ger\u00e7ekle\u015ftirme, \u00e7at\u0131\u015fma d\u00f6n\u00fc\u015f\u00fcm\u00fc, delegasyon, \u00f6nceliklendirme, stress ve kayg\u0131 y\u00f6netimi, t\u00fckenme, bar\u0131\u015fc\u0131l ileti\u015fim, stratejik d\u00fc\u015f\u00fcnme, b\u00fct\u00fcnc\u00fcl d\u00fc\u015f\u00fcnme, vizyonel liderlik, durumsal liderlik, bar\u0131\u015f, i\u00e7 huzur,  kurumsal g\u00fc\u00e7lenme, i\u015f geli\u015ftirme, kurumi\u00e7i aidiyet, i\u00e7sel motivasyon,, motivasyon, k\u00fclt\u00fcrel de\u011fi\u015fim, inovasyon, yarat\u0131c\u0131 d\u00fc\u015f\u00fcnme,  hitabet, kolayla\u015ft\u0131r\u0131c\u0131l\u0131k, yetenek y\u00f6netimi, performans y\u00f6netimi, ba\u015far\u0131, ili\u015fki geli\u015ftirme, kad\u0131n \u00e7al\u0131\u015fmalar\u0131, zaman ve kaynak y\u00f6netimi,  empati, empatik dinleme, tak\u0131m y\u00f6netimi, zorlay\u0131c\u0131 durumlar\u0131n y\u00f6netimi, mutluluk, tak\u0131m y\u00f6netimi, ko\u00e7luk, mentorluk, etkin sunum, hikaye anlat\u0131c\u0131l\u0131\u011f\u0131, kolayla\u015ft\u0131r\u0131c\u0131l\u0131k \u2026'>anahtar<\/abbr> kelimeleri buradan inceleyebilirsiniz.<\/strong><\/p>\n<p>[\/vc_column_text][\/vc_column][\/vc_row]<\/p>\n","protected":false},"excerpt":{"rendered":"<p>[vc_row full_width=&#8221;stretch_row&#8221; bg_type=&#8221;image&#8221; bg_image_new=&#8221;3091&#8243; enable_overlay=&#8221;enable_overlay_value&#8221; overlay_style=&#8221;custom_gradient&#8221; overlay_opacity=&#8221;90&#8243; css=&#8221;.vc_custom_1713215365461{margin-bottom: 0px !important;padding-top: 50px !important;padding-bottom: 50px !important;}&#8221; overlay_grad=&#8221;background: -webkit-gradient(linear, left top, left bottom, color-stop(0%, #94B9FF), color-stop(100%, #CDFFD8));background: -moz-linear-gradient(top,#94B9FF 0%,#CDFFD8 100%);background: -webkit-linear-gradient(top,#94B9FF 0%,#CDFFD8 100%);background: -o-linear-gradient(top,#94B9FF 0%,#CDFFD8 100%);background: -ms-linear-gradient(top,#94B9FF 0%,#CDFFD8 100%);background: linear-gradient(top,#94B9FF 0%,#CDFFD8 100%);&#8221;][vc_column][vc_custom_heading text=&#8221;Motivasyonel Konu\u015fmalar&#8221; font_container=&#8221;tag:h1|font_size:60px|text_align:center|color:%23ffffff|line_height:1em&#8221; use_theme_fonts=&#8221;yes&#8221;][\/vc_column][\/vc_row][vc_row css=&#8221;.vc_custom_1622206445175{padding-top: 35px !important;}&#8221;][vc_column][vc_column_text] Kurumlar\u0131n, Sivil Toplum Kurulu\u015flar\u0131n\u0131n ve Siyaset Akademilerinin\u00a0b\u00fcy\u00fck kitleleri motive [&hellip;]<\/p>\n","protected":false},"author":1,"featured_media":0,"parent":0,"menu_order":0,"comment_status":"closed","ping_status":"closed","template":"","meta":{"footnotes":""},"aioseo_notices":[],"_links":{"self":[{"href":"https:\/\/handanozturk.com\/tr\/wp-json\/wp\/v2\/pages\/3237"}],"collection":[{"href":"https:\/\/handanozturk.com\/tr\/wp-json\/wp\/v2\/pages"}],"about":[{"href":"https:\/\/handanozturk.com\/tr\/wp-json\/wp\/v2\/types\/page"}],"author":[{"embeddable":true,"href":"https:\/\/handanozturk.com\/tr\/wp-json\/wp\/v2\/users\/1"}],"replies":[{"embeddable":true,"href":"https:\/\/handanozturk.com\/tr\/wp-json\/wp\/v2\/comments?post=3237"}],"version-history":[{"count":8,"href":"https:\/\/handanozturk.com\/tr\/wp-json\/wp\/v2\/pages\/3237\/revisions"}],"predecessor-version":[{"id":5050,"href":"https:\/\/handanozturk.com\/tr\/wp-json\/wp\/v2\/pages\/3237\/revisions\/5050"}],"wp:attachment":[{"href":"https:\/\/handanozturk.com\/tr\/wp-json\/wp\/v2\/media?parent=3237"}],"curies":[{"name":"wp","href":"https:\/\/api.w.org\/{rel}","templated":true}]}}