{"id":3226,"date":"2021-05-28T12:48:44","date_gmt":"2021-05-28T09:48:44","guid":{"rendered":"https:\/\/handanozturk.com\/?page_id=3226"},"modified":"2024-05-23T10:48:50","modified_gmt":"2024-05-23T07:48:50","slug":"kurumsal-seminerler","status":"publish","type":"page","link":"https:\/\/handanozturk.com\/tr\/kurumsal-seminerler\/","title":{"rendered":"KURUMSAL SEM\u0130NERLER"},"content":{"rendered":"<p>[vc_row full_width=&#8221;stretch_row&#8221; bg_type=&#8221;image&#8221; bg_image_new=&#8221;3091&#8243; enable_overlay=&#8221;enable_overlay_value&#8221; overlay_style=&#8221;custom_gradient&#8221; overlay_opacity=&#8221;90&#8243; css=&#8221;.vc_custom_1713215247915{margin-bottom: 0px !important;padding-top: 50px !important;padding-bottom: 50px !important;}&#8221; overlay_grad=&#8221;background: -webkit-gradient(linear, left top, left bottom, color-stop(0%, #94B9FF), color-stop(100%, #CDFFD8));background: -moz-linear-gradient(top,#94B9FF 0%,#CDFFD8 100%);background: -webkit-linear-gradient(top,#94B9FF 0%,#CDFFD8 100%);background: -o-linear-gradient(top,#94B9FF 0%,#CDFFD8 100%);background: -ms-linear-gradient(top,#94B9FF 0%,#CDFFD8 100%);background: linear-gradient(top,#94B9FF 0%,#CDFFD8 100%);&#8221;][vc_column][vc_custom_heading text=&#8221;Kurumsal Seminerler&#8221; font_container=&#8221;tag:h1|font_size:60px|text_align:center|color:%23ffffff|line_height:1em&#8221; use_theme_fonts=&#8221;yes&#8221;][\/vc_column][\/vc_row][vc_row css=&#8221;.vc_custom_1622206445175{padding-top: 35px !important;}&#8221;][vc_column][vc_column_text]<\/p>\n<h3 style=\"text-align: center;\">\u015eimdiye kadar en \u00e7ok talep edilmi\u015f seminer ve \u00e7al\u0131\u015ftaylar<\/h3>\n<p>[\/vc_column_text][\/vc_column][\/vc_row][vc_row full_width=&#8221;stretch_row&#8221; equal_height=&#8221;yes&#8221; content_placement=&#8221;top&#8221; css=&#8221;.vc_custom_1622206297259{margin-bottom: 0px !important;padding-top: 50px !important;padding-bottom: 90px !important;background-color: #f4f4f4 !important;}&#8221;][vc_column width=&#8221;1\/2&#8243;][vc_column_text]<strong>\u0130\u00e7sel \u0130leti\u015fim ve Motivasyon<\/strong><\/p>\n<ul>\n<li>\u0130\u00e7sel Motivasyon ve Fark\u0131ndal\u0131k<\/li>\n<li>Ki\u015fisel D\u00f6n\u00fc\u015f\u00fcm Ara\u00e7lar\u0131<\/li>\n<li>\u00d6zg\u00fcvenli Beden Dili<\/li>\n<\/ul>\n<p><strong>Ki\u015fileraras\u0131 \u0130leti\u015fim ve \u0130li\u015fki Y\u00f6netimi<\/strong><\/p>\n<ul>\n<li>Bar\u0131\u015fc\u0131l \u015eefkatli \u0130leti\u015fim<\/li>\n<li>Farkl\u0131 \u0130nsan Profilleri<\/li>\n<li>K\u0131r\u0131lgan Gruplarla \u015eefkatli \u0130leti\u015fim<\/li>\n<li>Diyalog Y\u00f6netimi<\/li>\n<li>M\u00fclakat Becerileri<\/li>\n<li>M\u00fczakere Becerileri<\/li>\n<li>Arabuluculuk<\/li>\n<li>Ku\u015faklararas\u0131 \u0130leti\u015fim<\/li>\n<li>K\u00fclt\u00fcrleraras\u0131 Etkin \u0130leti\u015fim<\/li>\n<li>Tak\u0131m \u00c7al\u0131\u015fmas\u0131<\/li>\n<li>Y\u00f6neticimi Nas\u0131l Y\u00f6netirim?<\/li>\n<li>Yap\u0131c\u0131 Geribildirimler Nas\u0131l Verilir? ( \u00c7al\u0131\u015fan\u0131ma, Y\u00f6neticime)<\/li>\n<li>G\u00fcven Olu\u015fturan Dinleyici<\/li>\n<\/ul>\n<p><strong>\u00c7at\u0131\u015fma D\u00f6n\u00fc\u015f\u00fcm\u00fc<\/strong><\/p>\n<ul>\n<li>Zor Durumlar ve Zor \u0130nsanlar\u0131n D\u00f6n\u00fc\u015f\u00fcm\u00fc<\/li>\n<li>\u00c7at\u0131\u015fma D\u00f6n\u00fc\u015f\u00fcm Ara\u00e7lar\u0131<\/li>\n<\/ul>\n<p><strong>Sosyal Davran\u0131\u015f Kurallar\u0131<\/strong><\/p>\n<ul>\n<li>Kurum K\u00fclt\u00fcr\u00fc<\/li>\n<li>Erdemler, De\u011ferler ve Sosyal Davran\u0131\u015f Kurallar\u0131<\/li>\n<li>Han\u0131mefendilik, Beyefendilik<\/li>\n<li>Protokol Y\u00f6netimi ve Temsil<\/li>\n<li>De\u011ferlere uygun ki\u015fisel imaj ve itibar y\u00f6netimi<\/li>\n<li>Adaptasyon ve Uyum Yakalama<\/li>\n<\/ul>\n<p><strong>Toplulukla \u0130leti\u015fim<\/strong><\/p>\n<ul>\n<li>Sunum At\u00f6lyesi<\/li>\n<li>E\u011fiticinin E\u011fitimi<\/li>\n<\/ul>\n<p>[\/vc_column_text][\/vc_column][vc_column width=&#8221;1\/2&#8243;][vc_column_text]<strong>Strateji, Y\u00f6netim, Liderlik<\/strong><\/p>\n<ul>\n<li>Stratejik Kurumsal \u0130yile\u015fme ve G\u00fc\u00e7lenme<\/li>\n<li>Stratejik Y\u00f6netim<\/li>\n<li>\u00d6zg\u00fcn Liderlik Yetkinlikleri<\/li>\n<li>Bar\u0131\u015f, Birlik ve G\u00fcven Olu\u015fturma<\/li>\n<li>Kurumsal Geli\u015fim D\u00f6n\u00fc\u015f\u00fcm \u00c7al\u0131\u015fmalar\u0131nda Ya\u015fanm\u0131\u015f Tecr\u00fcbeler<\/li>\n<li>Eril Di\u015fil Yetkinliklerin Dengelenmesi<\/li>\n<li>Ekip Y\u00f6netimi<\/li>\n<li>Kolayla\u015ft\u0131r\u0131c\u0131l\u0131k Becerileri<\/li>\n<li>Durumsal Liderlik<\/li>\n<li>Motivasyon<\/li>\n<li>\u0130maj Y\u00f6netimi ve Temsil<\/li>\n<li>B\u00f6lge Y\u00f6netimi<\/li>\n<li>Uzaktan Stratejik Y\u00f6netim \/Virtual Liderlik<\/li>\n<\/ul>\n<p><strong>Ko\u00e7luk, Mentorluk<\/strong><\/p>\n<ul>\n<li>Kurum \u0130\u00e7i Profesyonel Ko\u00e7luk<\/li>\n<li>Kurum \u0130\u00e7i Ko\u00e7lar i\u00e7in Mentorluk<\/li>\n<\/ul>\n<p><strong>Kurumsal D\u00f6n\u00fc\u015f\u00fcm Ara\u00e7lar\u0131<\/strong><\/p>\n<ul>\n<li>Kurumsal D\u00f6n\u00fc\u015f\u00fcm Ara\u00e7lar\u0131<\/li>\n<li>Fikir \u00dcretme Ara\u00e7lar\u0131<\/li>\n<li>Toplant\u0131 Y\u00f6netim Ara\u00e7lar\u0131<\/li>\n<li>Performans Art\u0131ran Y\u00f6netim Ara\u00e7lar\u0131<\/li>\n<\/ul>\n<p><strong>Sat\u0131\u015f ve M\u00fc\u015fteri \u0130li\u015fkileri<\/strong><\/p>\n<ul>\n<li>M\u00fc\u015fteri Merkezli Hizmet<\/li>\n<li>Sat\u0131\u015f Becerileri<\/li>\n<li>Sat\u0131\u015f i\u00e7in G\u00fc\u00e7l\u00fc Sorular<\/li>\n<li>Farkl\u0131 K\u00fclt\u00fcrlerle M\u00fczakere<\/li>\n<li>B\u00f6lge Y\u00f6netimi ve Sat\u0131\u015f G\u00fcc\u00fc Optimizasyonu<\/li>\n<\/ul>\n<p>[\/vc_column_text][\/vc_column][\/vc_row][vc_row][vc_column][vc_column_text]\u0130htiya\u00e7 analizi yap\u0131ld\u0131ktan sonra ihtiya\u00e7 ve beklentileri kar\u015f\u0131lamak amac\u0131yla geli\u015ftirilen terzi tarz\u0131 t\u00fcm \u00e7\u00f6z\u00fcmler online ve y\u00fczy\u00fcze platformlarda T\u00fcrk\u00e7e ve \u0130nglizce olarak verilmektedir.<\/p>\n<p>&nbsp;<\/p>\n<div><strong>\u00dccretsiz ihtiya\u00e7 analizi ve \u00f6ng\u00f6r\u00fc\u015fme<\/strong><strong>\u00a0i\u00e7in <\/strong><a href=\"mailto:info@handanozturk.com\"><strong>info@handanozturk.com<\/strong><\/a><strong>\u00a0<\/strong><strong>ya da <\/strong><a title=\"\u0130leti\u015fim\" href=\"https:\/\/handanozturk.com\/tr\/iletisim\/\"><strong>ileti\u015fim formu <\/strong><\/a><strong>\u00fczerinden bizlerle ileti\u015fime ge\u00e7ebilirsiniz.<\/strong><strong> \u00c7al\u0131\u015fmalar\u0131m\u0131n kapsad\u0131\u011f\u0131 <abbr class='c2c-text-hover' title='\u00c7al\u0131\u015fmalar\u0131m\u0131n kapsad\u0131\u011f\u0131 anahtar kelimeler kariyer planlama, gelecek tasar\u0131m\u0131, karl\u0131l\u0131k art\u0131r\u0131m\u0131, yetkinlik art\u0131r\u0131m\u0131, de\u011fi\u015fim y\u00f6netimi,  optimum denge, \u00f6zg\u00fcrl\u00fck, cesaret, netlik, duygusal \u00e7eviklik, merak, \u00e7o\u015fku, ya\u015fama sevinci, \u00f6zde\u011fer, \u00f6zsayg\u0131, \u00f6z\u015fefkat, \u00f6zkabul, \u00f6zg\u00fcven, g\u00f6r\u00fcn\u00fcrl\u00fck, odaklanma, dayan\u0131kl\u0131l\u0131k, \u00e7eviklik, etkinlik, sosyal i\u00e7erme, geribildirim, y\u00f6neticinin y\u00f6netimi, protokol, sosyal davran\u0131\u015f kurallar\u0131, imaj y\u00f6netimi, sat\u0131\u015f g\u00fcc\u00fcn\u00fc art\u0131rma, m\u00fc\u015fteri ili\u015fkileri, beden dili, yarg\u0131s\u0131z g\u00f6zlem, \u00f6zg\u00fcn liderlik, gelecek planlama,  kendini ger\u00e7ekle\u015ftirme, \u00e7at\u0131\u015fma d\u00f6n\u00fc\u015f\u00fcm\u00fc, delegasyon, \u00f6nceliklendirme, stress ve kayg\u0131 y\u00f6netimi, t\u00fckenme, bar\u0131\u015fc\u0131l ileti\u015fim, stratejik d\u00fc\u015f\u00fcnme, b\u00fct\u00fcnc\u00fcl d\u00fc\u015f\u00fcnme, vizyonel liderlik, durumsal liderlik, bar\u0131\u015f, i\u00e7 huzur,  kurumsal g\u00fc\u00e7lenme, i\u015f geli\u015ftirme, kurumi\u00e7i aidiyet, i\u00e7sel motivasyon,, motivasyon, k\u00fclt\u00fcrel de\u011fi\u015fim, inovasyon, yarat\u0131c\u0131 d\u00fc\u015f\u00fcnme,  hitabet, kolayla\u015ft\u0131r\u0131c\u0131l\u0131k, yetenek y\u00f6netimi, performans y\u00f6netimi, ba\u015far\u0131, ili\u015fki geli\u015ftirme, kad\u0131n \u00e7al\u0131\u015fmalar\u0131, zaman ve kaynak y\u00f6netimi,  empati, empatik dinleme, tak\u0131m y\u00f6netimi, zorlay\u0131c\u0131 durumlar\u0131n y\u00f6netimi, mutluluk, tak\u0131m y\u00f6netimi, ko\u00e7luk, mentorluk, etkin sunum, hikaye anlat\u0131c\u0131l\u0131\u011f\u0131, kolayla\u015ft\u0131r\u0131c\u0131l\u0131k \u2026'>anahtar<\/abbr> kelimeleri <\/strong><strong>buradan <\/strong><strong>inceleyebilirsiniz. <\/strong><\/div>\n<p>[\/vc_column_text][\/vc_column][\/vc_row]<\/p>\n","protected":false},"excerpt":{"rendered":"<p>[vc_row full_width=&#8221;stretch_row&#8221; bg_type=&#8221;image&#8221; bg_image_new=&#8221;3091&#8243; enable_overlay=&#8221;enable_overlay_value&#8221; overlay_style=&#8221;custom_gradient&#8221; overlay_opacity=&#8221;90&#8243; css=&#8221;.vc_custom_1713215247915{margin-bottom: 0px !important;padding-top: 50px !important;padding-bottom: 50px !important;}&#8221; overlay_grad=&#8221;background: -webkit-gradient(linear, left top, left bottom, color-stop(0%, #94B9FF), color-stop(100%, #CDFFD8));background: -moz-linear-gradient(top,#94B9FF 0%,#CDFFD8 100%);background: -webkit-linear-gradient(top,#94B9FF 0%,#CDFFD8 100%);background: -o-linear-gradient(top,#94B9FF 0%,#CDFFD8 100%);background: -ms-linear-gradient(top,#94B9FF 0%,#CDFFD8 100%);background: linear-gradient(top,#94B9FF 0%,#CDFFD8 100%);&#8221;][vc_column][vc_custom_heading text=&#8221;Kurumsal Seminerler&#8221; font_container=&#8221;tag:h1|font_size:60px|text_align:center|color:%23ffffff|line_height:1em&#8221; use_theme_fonts=&#8221;yes&#8221;][\/vc_column][\/vc_row][vc_row css=&#8221;.vc_custom_1622206445175{padding-top: 35px !important;}&#8221;][vc_column][vc_column_text] \u015eimdiye kadar en \u00e7ok talep edilmi\u015f seminer ve \u00e7al\u0131\u015ftaylar [&hellip;]<\/p>\n","protected":false},"author":1,"featured_media":0,"parent":0,"menu_order":0,"comment_status":"closed","ping_status":"closed","template":"","meta":{"footnotes":""},"aioseo_notices":[],"_links":{"self":[{"href":"https:\/\/handanozturk.com\/tr\/wp-json\/wp\/v2\/pages\/3226"}],"collection":[{"href":"https:\/\/handanozturk.com\/tr\/wp-json\/wp\/v2\/pages"}],"about":[{"href":"https:\/\/handanozturk.com\/tr\/wp-json\/wp\/v2\/types\/page"}],"author":[{"embeddable":true,"href":"https:\/\/handanozturk.com\/tr\/wp-json\/wp\/v2\/users\/1"}],"replies":[{"embeddable":true,"href":"https:\/\/handanozturk.com\/tr\/wp-json\/wp\/v2\/comments?post=3226"}],"version-history":[{"count":8,"href":"https:\/\/handanozturk.com\/tr\/wp-json\/wp\/v2\/pages\/3226\/revisions"}],"predecessor-version":[{"id":5048,"href":"https:\/\/handanozturk.com\/tr\/wp-json\/wp\/v2\/pages\/3226\/revisions\/5048"}],"wp:attachment":[{"href":"https:\/\/handanozturk.com\/tr\/wp-json\/wp\/v2\/media?parent=3226"}],"curies":[{"name":"wp","href":"https:\/\/api.w.org\/{rel}","templated":true}]}}