{"id":3208,"date":"2021-05-28T11:07:52","date_gmt":"2021-05-28T11:07:52","guid":{"rendered":"https:\/\/handanozturk.com\/?page_id=3208"},"modified":"2021-06-01T19:41:06","modified_gmt":"2021-06-01T16:41:06","slug":"kitaplar","status":"publish","type":"page","link":"https:\/\/handanozturk.com\/tr\/kitaplar\/","title":{"rendered":"Yazd\u0131\u011f\u0131 Kitaplar"},"content":{"rendered":"<p>[vc_row full_width=&#8221;stretch_row_content_no_spaces&#8221; content_placement=&#8221;middle&#8221; css=&#8221;.vc_custom_1621279129833{margin-bottom: 0px !important;}&#8221;][vc_column width=&#8221;1\/2&#8243;][vc_single_image image=&#8221;3211&#8243; img_size=&#8221;full&#8221; el_class=&#8221;wow fadeInRight&#8221;][\/vc_column][vc_column width=&#8221;1\/2&#8243; css=&#8221;.vc_custom_1621279025948{padding-top: 5% !important;padding-right: 5% !important;padding-bottom: 5% !important;padding-left: 5% !important;}&#8221;][vc_custom_heading text=&#8221;Topluluk \u00f6n\u00fcnde konu\u015fma yetene\u011fi geli\u015ftirilebilir ve `{`tm_dione_color cl=&#8220;ndColor&#8220;`}`etkili bir konu\u015fmac\u0131`{`\/tm_dione_color`}` olabilirsiniz.&#8221; font_container=&#8221;tag:h3|text_align:left|line_height:1.1em&#8221; use_theme_fonts=&#8221;yes&#8221; css=&#8221;.vc_custom_1622202205610{margin-bottom: 30px !important;}&#8221; el_class=&#8221;wow fadeInUp&#8221;][vc_column_text]<u>Sunum \u00d6ncesi Haz\u0131rl\u0131k: <\/u><\/p>\n<p>Sunumunuzu yapt\u0131\u011f\u0131n\u0131z zaman haz\u0131rl\u0131k i\u00e7in harcad\u0131\u011f\u0131n\u0131z her dakikan\u0131n de\u011ferini daha iyi anlayacaks\u0131n\u0131z. \u0130yi bir yemek sofraya gelmeden \u00f6nce hangi a\u015famalardan ge\u00e7iyor, nas\u0131l bir tabakta, nas\u0131l bir masada ve kimlere sunuluyorsa, etkili sunum yapmak i\u00e7in de benzeri unsurlara dikkat edilmesi, yani i\u015fin mutfa\u011f\u0131na \u00f6nem verilmesi gerekir.<\/p>\n<p>&nbsp;<\/p>\n<p>Sunuma haz\u0131rlan\u0131rken dikkat edilmesi gereken unsurlar;<\/p>\n<ul>\n<li>Konuya hakimiyet<\/li>\n<li>Dinleyiciyi tan\u0131mak<\/li>\n<li>Hedef belirlemek<\/li>\n<li>Sunumun planlamas\u0131n\u0131 ve d\u00fczenlenmesini yapmak<\/li>\n<li>Do\u011fru stili se\u00e7mek<\/li>\n<li>Sunum yap\u0131lacak ortam\u0131, salonu ve kullan\u0131lacak teknik donan\u0131m\u0131 d\u00fczenlemek<\/li>\n<li>Giyim, d\u0131\u015f g\u00f6r\u00fcn\u00fc\u015f ve renklerin dilini bilmek<\/li>\n<\/ul>\n<p>&nbsp;<\/p>\n<p><u>Konuya Hakimiyet: <\/u><\/p>\n<p>Sunaca\u011f\u0131n\u0131z konuda s\u00f6yleyeceklerinizden \u00e7ok daha fazlas\u0131n\u0131 bilmek durumundas\u0131n\u0131z. Konunuzla ilgili olarak bildikleriniz buzda\u011f\u0131n\u0131n t\u00fcm\u00fc ise sunum esnas\u0131nda s\u00f6yledikleriniz bu buzda\u011f\u0131n\u0131n t\u00fcm\u00fc ise sunum esnas\u0131nda s\u00f6yledikleriniz bu buzda\u011f\u0131n\u0131n g\u00f6r\u00fcnen k\u0131sm\u0131d\u0131r. Buzda\u011f\u0131n\u0131n suyun alt\u0131nda g\u00f6r\u00fcnmeyen k\u0131sm\u0131, sunum esnas\u0131nda s\u00f6ylediklerinizin yedi kat fazlas\u0131 olmal\u0131d\u0131r. Sunumda s\u00f6ylediklerinizin en az yedi kat fazlas\u0131n\u0131 bilmelisiniz.<\/p>\n<p>Nas\u0131l?<\/p>\n<ul>\n<li>Konu ile ilgili kitaplardan, ara\u015ft\u0131rmalardan ve yay\u0131nlardan haberdar olmal\u0131s\u0131n\u0131z. Her zaman g\u00fcndemi takip etmelisiniz.<\/li>\n<li>Konu ile ilgili seminerler var ise imkanlar\u0131n\u0131z \u00e7er\u00e7evesinde bu seminerlere kat\u0131lmal\u0131s\u0131n\u0131z.<\/li>\n<li>Konunun uzmanlar\u0131 ile bilgi payla\u015fmal\u0131, gruplara dahil olmal\u0131 ya da \u00f6nc\u00fc olup gruplar olu\u015fturmal\u0131s\u0131n\u0131z.<\/li>\n<li>Bilgilerinizi s\u00fcrekli g\u00fcncellemelisiniz.<\/li>\n<\/ul>\n<p>Kendinizi g\u00fcncelleyemiyorsan\u0131z, dinleyiciler taraf\u0131ndan sorular y\u00f6neltildi\u011finde zor durumdakalabilirsiniz. Emin olun ki, siz bilginizi g\u00fcncellemeseniz de, kendini g\u00fcncelleyen dinleyicileriniz mutlaka olacakt\u0131r.<\/p>\n<p>Konunuzu bilip kendinizi g\u00fcncellerseniz;<\/p>\n<ul>\n<li>Sunum korkuusnu daha rahat yenersiniz.<\/li>\n<li>Sorulardan korkmazs\u0131n\u0131z.<\/li>\n<li>G\u00fcven yarat\u0131rs\u0131n\u0131z.<\/li>\n<li>\u00d6zg\u00fcveninizi daha rahat yans\u0131t\u0131rs\u0131n\u0131z.<\/li>\n<li>Sayg\u0131nl\u0131k ve bilgelik kazan\u0131rs\u0131n\u0131z.<\/li>\n<li>Sunum esnas\u0131nda i\u00e7erik ve ak\u0131\u015f\u0131 dinleyicilerin ihtiya\u00e7lar\u0131n\u0131 ve isteklerine g\u00f6re daha rahat uyarlayabilirsiniz.<\/li>\n<\/ul>\n<p>[\/vc_column_text][\/vc_column][vc_column][vc_separator][\/vc_column][\/vc_row][vc_row full_width=&#8221;stretch_row_content_no_spaces&#8221; content_placement=&#8221;middle&#8221; css=&#8221;.vc_custom_1622565639624{margin-bottom: 0px !important;}&#8221; el_id=&#8221;gunlerden-handan&#8221;][vc_column width=&#8221;1\/2&#8243;][vc_single_image image=&#8221;3210&#8243; img_size=&#8221;full&#8221; el_class=&#8221;wow fadeInRight&#8221;][\/vc_column][vc_column width=&#8221;1\/2&#8243; css=&#8221;.vc_custom_1621279025948{padding-top: 5% !important;padding-right: 5% !important;padding-bottom: 5% !important;padding-left: 5% !important;}&#8221;][vc_custom_heading text=&#8221;Handan G\u00fcnler bize zaten verilmi\u015f. Her g\u00fcn g\u00f6z\u00fcm\u00fcz\u00fc a\u00e7ar a\u00e7maz<br \/>\n`{`tm_dione_color cl=&#8220;ndColor&#8220;`}`bug\u00fcn \u2018G\u00fcnlerden Handan\u2019`{`\/tm_dione_color`}` diyip dememek tamamen bizim elimizde..&#8221; font_container=&#8221;tag:h3|text_align:left|line_height:1.1em&#8221; use_theme_fonts=&#8221;yes&#8221; css=&#8221;.vc_custom_1622202868812{margin-bottom: 30px !important;}&#8221; el_class=&#8221;wow fadeInUp&#8221;][vc_column_text]&#8221;Ya\u015fam\u0131m\u0131n Lideri Ben Olmak \u0130stiyorum&#8221; diyerek yol alan Yazar Handan \u00d6zt\u00fcrk\u2019\u00fcn cebinde biriktirdi\u011fi \u00e7ak\u0131l ta\u015flar\u0131:<\/p>\n<ul>\n<li>\u0130nsan Ney\u2019mi\u015f. \u0130nsan Bir\u2019mi\u015f.<\/li>\n<li>Bu d\u00fcnyada m\u00fcmk\u00fcn olan, senin i\u00e7in de m\u00fcmk\u00fcnd\u00fcr.<\/li>\n<li>\u00d6nce i\u015fleri bitirip Yaradan\u2019a y\u00f6nelmektense \u00f6nce Yaradan\u2019a y\u00f6nelip i\u015flerin kolayl\u0131kla tamamlanmas\u0131na \u015fahit olmak, bilinmedik cenneti ya\u015fama halidir.<\/li>\n<li>G\u00fcn gelip ge\u00e7mi\u015fine sorular soran, kendi sesinin yank\u0131s\u0131n\u0131 ger\u00e7ek san\u0131r.<\/li>\n<li>Ko\u015fulsuz sevgi olmadan, teslimiyet olmaz. Teslimiyet olmadan, sadakat olmaz.<\/li>\n<li>Zifiri karanl\u0131\u011f\u0131n i\u00e7inde, \u00f6n\u00fcn\u00fc dahi g\u00f6remezsin. Ne g\u00f6rebilir ne bilebilir ne de beslenebilirsin. G\u00f6rebilmek, bilebilmek ve beslenebilmek i\u00e7in ayd\u0131nl\u0131k g\u00fcne, beyaza uyanmak laz\u0131m. Ayd\u0131nl\u0131\u011fa do\u011funca hep beyazlarla kar\u015f\u0131la\u015f\u0131rs\u0131n; bembeyaz di\u015fler, bembeyaz \u00f6nl\u00fckler, bembeyaz mekanlar, bembeyaz insanlar ve bembeyaz yollar\u2026<\/li>\n<li>\u0130nsanl\u0131k yolundan ba\u015fka yola do\u011fru ad\u0131mlar atarsan ruhlar\u0131m\u0131z aras\u0131ndaki fark\u0131, birbirini asla yakalayamayacak kadar a\u00e7m\u0131\u015f olursun. Bana kal\u0131rsa beyaz yolda kal.<\/li>\n<li>Herkesin bir \u015fey olmay\u0131 se\u00e7ti\u011fi d\u00fcnyada, sen hi\u00e7 olmay\u0131 se\u00e7meyi tercih edebilirsin.<\/li>\n<li>M\u00fckemmel olmak yerine mutlu olmay\u0131 se\u00e7ebilirsin.<\/li>\n<li>B\u00fct\u00fcn\u00fcn hayr\u0131na olaca\u011f\u0131na inan\u0131yorsan ezber bozan ol.<\/li>\n<li>Potansiyelin bast\u0131rd\u0131klar\u0131n\u0131n alt\u0131ndan f\u0131\u015fk\u0131rabildi\u011fini ke\u015ffet.- \u015e\u00fckrettik\u00e7e \u015f\u00fck\u00fcrlerin \u00e7o\u011fal\u0131r.<\/li>\n<li>\u0130nsan, yemye\u015fil ormanlar\u0131 ve bilinmedik cenneti d\u00fc\u015f\u00fcns\u00fcn ki lay\u0131\u011f\u0131na d\u00f6n\u00fc\u015fs\u00fcn.<\/li>\n<li>Bana kal\u0131rsa anda kal.<\/li>\n<li>\u0130nsan, \u0131\u015f\u0131yan bir denizdir, k\u0131y\u0131s\u0131z h\u00fcr bir deniz.<\/li>\n<li>Yasak olan, merak uyand\u0131rd\u0131\u011f\u0131ndan cazip gelir. Yasak de\u011filse cazibesini yitirir.<\/li>\n<li>Bir kitapta seninle ilgili ne yaz\u0131lmas\u0131n\u0131 istiyorsan o ol ve \u00f6yle ya\u015fa.<\/li>\n<li>Hissettiklerinin do\u011frulu\u011funu, hayat sundu\u011fu mucizelerle bir bir teyit eder.<\/li>\n<li>Sen, istediklerini ger\u00e7ekle\u015ftirmek i\u00e7in ad\u0131m att\u0131k\u00e7a herkes ve her \u015fey seferber olur, ya\u015fam da zaman da sana hizmet eder.<\/li>\n<li>Sevgin ve \u015fevkatin, kendini kapsam\u0131yorsa bir par\u00e7as\u0131 eksiktir.<\/li>\n<li>Ko\u015fulsuz sevginin oldu\u011fu yerde, y\u00fcrekler dip dibe oldu\u011fundan, kelimeler yok olur ve sadece susulur.<\/li>\n<li>Bir T\u00fcrkiyeli, bir olabildi\u011fi i\u00e7in D\u00fcnyaya Bedel.<\/li>\n<li>Biricik yol arkada\u015flar\u0131m, yolum sizlerle kesi\u015fti\u011fi i\u00e7in daha anlaml\u0131.<\/li>\n<li>Can\u0131m \u00fclkemin &#8220;Mutluluk ve Bar\u0131\u015f Bakan\u0131&#8221; olmak istiyorum.<\/li>\n<li>Hep birlikte, hep birlik i\u00e7inde; a\u015fk\u0131n, bilimin, ve ilimin dedikodusunu yapal\u0131m.<\/li>\n<\/ul>\n<p>Hep birlik, hep bar\u0131\u015f ve birlik i\u00e7inde yol almak ve bir olmak dile\u011fiyle\u2026[\/vc_column_text][\/vc_column][\/vc_row]<\/p>\n","protected":false},"excerpt":{"rendered":"<p>[vc_row full_width=&#8221;stretch_row_content_no_spaces&#8221; content_placement=&#8221;middle&#8221; css=&#8221;.vc_custom_1621279129833{margin-bottom: 0px !important;}&#8221;][vc_column width=&#8221;1\/2&#8243;][vc_single_image image=&#8221;3211&#8243; img_size=&#8221;full&#8221; el_class=&#8221;wow fadeInRight&#8221;][\/vc_column][vc_column width=&#8221;1\/2&#8243; css=&#8221;.vc_custom_1621279025948{padding-top: 5% !important;padding-right: 5% !important;padding-bottom: 5% !important;padding-left: 5% !important;}&#8221;][vc_custom_heading text=&#8221;Topluluk \u00f6n\u00fcnde konu\u015fma yetene\u011fi geli\u015ftirilebilir ve `{`tm_dione_color cl=&#8220;ndColor&#8220;`}`etkili bir konu\u015fmac\u0131`{`\/tm_dione_color`}` olabilirsiniz.&#8221; font_container=&#8221;tag:h3|text_align:left|line_height:1.1em&#8221; use_theme_fonts=&#8221;yes&#8221; css=&#8221;.vc_custom_1622202205610{margin-bottom: 30px !important;}&#8221; el_class=&#8221;wow fadeInUp&#8221;][vc_column_text]Sunum \u00d6ncesi Haz\u0131rl\u0131k: Sunumunuzu yapt\u0131\u011f\u0131n\u0131z zaman haz\u0131rl\u0131k i\u00e7in harcad\u0131\u011f\u0131n\u0131z her dakikan\u0131n de\u011ferini daha iyi anlayacaks\u0131n\u0131z. \u0130yi bir [&hellip;]<\/p>\n","protected":false},"author":1,"featured_media":0,"parent":0,"menu_order":0,"comment_status":"closed","ping_status":"closed","template":"","meta":{"footnotes":""},"aioseo_notices":[],"_links":{"self":[{"href":"https:\/\/handanozturk.com\/tr\/wp-json\/wp\/v2\/pages\/3208"}],"collection":[{"href":"https:\/\/handanozturk.com\/tr\/wp-json\/wp\/v2\/pages"}],"about":[{"href":"https:\/\/handanozturk.com\/tr\/wp-json\/wp\/v2\/types\/page"}],"author":[{"embeddable":true,"href":"https:\/\/handanozturk.com\/tr\/wp-json\/wp\/v2\/users\/1"}],"replies":[{"embeddable":true,"href":"https:\/\/handanozturk.com\/tr\/wp-json\/wp\/v2\/comments?post=3208"}],"version-history":[{"count":5,"href":"https:\/\/handanozturk.com\/tr\/wp-json\/wp\/v2\/pages\/3208\/revisions"}],"predecessor-version":[{"id":3406,"href":"https:\/\/handanozturk.com\/tr\/wp-json\/wp\/v2\/pages\/3208\/revisions\/3406"}],"wp:attachment":[{"href":"https:\/\/handanozturk.com\/tr\/wp-json\/wp\/v2\/media?parent=3208"}],"curies":[{"name":"wp","href":"https:\/\/api.w.org\/{rel}","templated":true}]}}