{"id":3188,"date":"2021-05-17T19:01:46","date_gmt":"2021-05-17T19:01:46","guid":{"rendered":"https:\/\/handanozturk.com\/?page_id=3188"},"modified":"2024-04-16T00:03:54","modified_gmt":"2024-04-15T21:03:54","slug":"referanslar","status":"publish","type":"page","link":"https:\/\/handanozturk.com\/tr\/referanslar\/","title":{"rendered":"Referanslar"},"content":{"rendered":"<p>[vc_row full_width=&#8221;stretch_row&#8221; bg_type=&#8221;image&#8221; bg_image_new=&#8221;785&#8243; enable_overlay=&#8221;enable_overlay_value&#8221; overlay_style=&#8221;custom_gradient&#8221; overlay_opacity=&#8221;90&#8243; css=&#8221;.vc_custom_1713215032339{margin-bottom: 0px !important;padding-top: 50px !important;padding-bottom: 50px !important;}&#8221; overlay_grad=&#8221;background: -webkit-gradient(linear, left top, left bottom, color-stop(0%, #94B9FF), color-stop(100%, #CDFFD8));background: -moz-linear-gradient(top,#94B9FF 0%,#CDFFD8 100%);background: -webkit-linear-gradient(top,#94B9FF 0%,#CDFFD8 100%);background: -o-linear-gradient(top,#94B9FF 0%,#CDFFD8 100%);background: -ms-linear-gradient(top,#94B9FF 0%,#CDFFD8 100%);background: linear-gradient(top,#94B9FF 0%,#CDFFD8 100%);&#8221;][vc_column][vc_custom_heading text=&#8221;Referanslar&#8221; font_container=&#8221;tag:h1|font_size:60px|text_align:center|color:%23ffffff|line_height:1em&#8221; use_theme_fonts=&#8221;yes&#8221;][\/vc_column][\/vc_row][vc_row full_width=&#8221;stretch_row&#8221; css=&#8221;.vc_custom_1461087885406{margin-bottom: 0px !important;padding-top: 100px !important;padding-bottom: 20px !important;background-color: #fbfbfb !important;}&#8221;][vc_column width=&#8221;1\/3&#8243; el_class=&#8221;wow fadeInUp&#8221;][vc_column_text]1PASSWORD<br \/>\n75. YIL ANKARA A\u011eIZ D\u0130\u015e SA\u011eLI\u011eI MERKEZ\u0130<br \/>\nAB INBEV<br \/>\nAB\u0130GEM<br \/>\nACARKENT<br \/>\nACCENTURE<br \/>\nAFA AYAKKABI<br \/>\nAFAD<br \/>\nAG\u0130S TURKEY<br \/>\nAGRIN<br \/>\nA\u0130ESEC ANKARA<br \/>\nAK EMEKL\u0130L\u0130K<br \/>\nAK PART\u0130<br \/>\nAK PART\u0130 S\u0130YASET AKADEM\u0130S\u0130<br \/>\nAK S\u0130GORTA<br \/>\nALBARAKA T\u00dcRK<br \/>\nALLEZYUM<br \/>\nAMERICAN EXPRESS<br \/>\nANADOLU AJANSI<br \/>\nANIL YATA\u011eANLI<br \/>\nANKA KO\u00c7LUK<br \/>\nANKARA SANAY\u0130 ODASI<br \/>\nANKARA SOSYAL B\u0130L\u0130MLER ENST\u0130T\u00dcS\u00dc<br \/>\nANSA AMBALAJ<br \/>\nANSA AMBALAJ<br \/>\nANTALYA B\u00dcY\u00dcK\u015eEH\u0130R BELED\u0130YES\u0130<br \/>\nAPPLE<br \/>\nAPPS FLYER<br \/>\nARENA B\u0130LG\u0130SAYAR<br \/>\nATA ANAOKULU<br \/>\nATILIM \u00dcNIVERS\u0130TES\u0130<br \/>\nATLAS CORPS<br \/>\nAU BON PAIN USA<br \/>\nAYDO\u011eANLAR A\u015e<br \/>\nAYTEM\u0130Z A\u015e<br \/>\nB\/S\/H<br \/>\nBAKER HUGHES<br \/>\nBAKIRK\u00d6Y BELED\u0130YES\u0130, \u0130STANBUL<br \/>\nBALL CORPORATION<br \/>\nBANK OF NEW YORK<br \/>\nBAYER<br \/>\nBIOMARIN PHARMACEUTICAL<br \/>\nBLACKROCK INC.<br \/>\nBON SECOURS MERCY HEALTH<br \/>\nBP<br \/>\nBURSA B\u00dcY\u00dcK\u015eEH\u0130R BELED\u0130YES\u0130<br \/>\nCANDELAS<br \/>\nCANPOTEX LIMITED<br \/>\nCAPITAL ONE<br \/>\nCATERPILLAR<br \/>\nCHANEL<br \/>\nCHEVRON<br \/>\nCIGNA CORPORATION<br \/>\nCISCO SYSTEM, INC.<br \/>\nCOLGATE-PALMOLIVE<br \/>\nCOUPA<br \/>\nCOUPA<br \/>\n\u00c7\u00d6Z\u00dcMEV\u0130 CONSULT\u0130NG<br \/>\nCROWDSTRIKE<br \/>\nCTR AKADEMI E\u011e\u0130T\u0130M VE GEL\u0130\u015e\u0130M MERKEZ\u0130<br \/>\nCUPERTINO ELECTRIC, INC.<br \/>\nDAI CONSULTANCY<br \/>\nDELIVERY HERO<br \/>\nDELL TECHNOLOGIES INC.<br \/>\nDELOITTE<br \/>\nDEM\u0130RD\u00d6K\u00dcM<br \/>\nDEREN ENERJ\u0130<br \/>\nDESER K\u0130MYA<br \/>\nDLA<br \/>\nDO\u011eA KOLEJLER\u0130<br \/>\nDO\u011eA KORUMA MERKEZ\u0130<br \/>\nDYSON LTD<br \/>\nECZACIBA\u015eI G\u0130R\u0130\u015e\u0130M<br \/>\nELECTROWOLD<br \/>\nELLISDON<br \/>\nENVU<br \/>\nEPAM SYSTEMS<br \/>\nEP\u0130K HOLD\u0130NG A\u015e<br \/>\nERAY TEKNOLOJ\u0130<br \/>\nER\u0130\u015e\u0130M MAK\u0130NA[\/vc_column_text][\/vc_column][vc_column width=&#8221;1\/3&#8243; el_class=&#8221;wow fadeInUp delay-200&#8243;][vc_column_text]ESK\u0130\u015eEH\u0130R GEL\u0130\u015e\u0130M VAKFI<br \/>\nET\u0130MESGUT BELED\u0130YES\u0130, ANKARA<br \/>\nEUROPE CONGRESS<br \/>\nEXPEL<br \/>\nEXQ OTOMOTIV<br \/>\nF\u0130NAL AKADEM\u0130 OKULLARI<br \/>\nFOOTE, CONE &amp;BELDING<br \/>\nFOUR SEASONS HOTELS<br \/>\nFULL AKARYAKIT DA\u011eITIM<br \/>\nGDS E\u011e\u0130T\u0130M MERKEZI<br \/>\nGEN\u00c7 L\u0130DERLER DERNE\u011e\u0130<br \/>\nGILEAD SCIENCES<br \/>\nGINKGO BIOWORKS<br \/>\nGIPTA<br \/>\nGLOBAL REFERENCES<br \/>\nG\u00d6\u00c7 \u0130DARES\u0130 GENEL M\u00dcD\u00dcRL\u00dc\u011e\u00dc<br \/>\nGOODYEAR<br \/>\nGOOGLE<br \/>\nGRAB<br \/>\nH.W.KAUFMAN<br \/>\nHACETTEPE \u00dcN\u0130VERS\u0130TES\u0130 EKONOM\u0130 TOPLULU\u011eU<br \/>\nHILLSIDE INTERNATIONAL<br \/>\nHILTON<br \/>\nHP INC<br \/>\nHRM (HUMAN RESOURCES MANAGEMENT)<br \/>\nHUBBELL INCORPORATED<br \/>\nHUMAN DYNAMICS CONSULTANCY<br \/>\nIBM<br \/>\n\u0130\u00c7 \u0130\u015eLER\u0130 BAKANLI\u011eI<br \/>\nICC-INTERNAT\u0130ONAL CHAMBER OF COMMERCE- ULUSLARARASI T\u0130CARET ODASI<br \/>\nIIHT INFORMATION TECHNOLOGY<br \/>\nILO-INTERNAT\u0130ONAL LABOUR ORGANIZATION- ULUSLARARASI \u00c7ALI\u015eMA \u00d6RG\u00dcT\u00dc<br \/>\n\u0130NGAZ DA\u011eITIM A\u015e, \u0130NEG\u00d6L<br \/>\nINTUIT<br \/>\nIOM- ULUSLARARASI G\u00d6\u00c7 \u00d6RG\u00dcT\u00dc<br \/>\n\u0130\u015e GAYR\u0130MENKUL YATIRIM<br \/>\n\u0130\u015eKUR<br \/>\nISUZU<br \/>\n\u0130SV\u0130\u00c7RE B\u00dcY\u00dcKEL\u00c7\u0130L\u0130\u011e\u0130<br \/>\nIT B\u0130LG\u0130N\u00c7<br \/>\nITC-INTERNAT\u0130ONAL TRADE CENTER- ULUSLARARASI T\u0130CARET MERKEZ\u0130<br \/>\n\u0130T\u0130BAR Y\u00d6NET\u0130M\u0130 ENST\u0130T\u00dcS\u00dc<br \/>\n\u0130ZG\u00d6REN AKADEM\u0130<br \/>\nJOBY AVIATION<br \/>\nJONES LONG LASALLE<br \/>\nJUST EAT TAKEAWAY<br \/>\nJUSTWORKS<br \/>\nKAHRAMANMARA\u015e B\u00dcY\u00dcK\u015eEH\u0130R BELED\u0130YES\u0130<br \/>\nKALDER, T\u00dcRK\u0130YE KAL\u0130TE DERNE\u011eI, ANKARA \u015eUBESI<br \/>\nKALDER, T\u00dcRK\u0130YE KAL\u0130TE DERNE\u011e\u0130, \u0130STANBUL \u015eUBESI<br \/>\nKAMU B\u0130L\u0130\u015e\u0130M DERNE\u011e\u0130<br \/>\nKARIUS<br \/>\nKAR\u0130YER SOKA\u011eI<br \/>\nKAYSER\u0130 B\u00dcY\u00dcK\u015eEH\u0130R BELED\u0130YES\u0130<br \/>\nKEARNEY<br \/>\nKE\u00c7\u0130\u00d6REN BELED\u0130YES\u0130<br \/>\nKENT G\u00dcVENL\u0130K<br \/>\nKEZBAN MERCAN ANAOKULU<br \/>\nKING<br \/>\nKIZILAY<br \/>\nKOPA\u015e A\u015e<br \/>\nLAYLA \u015e\u0130R\u0130N AJANS<br \/>\nLEGO GROUPS<br \/>\nLEIDOS, INC<br \/>\nLINKAGE TURKEY<br \/>\nL\u00d6SEV<br \/>\nMAK\u0130NA M\u00dcHEND\u0130SLER\u0130 ODASI<br \/>\nMANERIS SOLUTIONS CORPORATION<br \/>\nMARS, INC.<br \/>\nMASCOCORP<br \/>\nMATTEL, INC.<br \/>\nMGI COUT\u0130ER A\u015e<br \/>\nMOLSON COORS BEVERAGE COMPANY<br \/>\nMTP PATENT<br \/>\nMUBADALA<br \/>\nMUSTAFA NEVZAT<br \/>\nNATIONAL INSTRUMENTS CORPORATION[\/vc_column_text][\/vc_column][vc_column width=&#8221;1\/3&#8243; el_class=&#8221;wow fadeInUp delay-400&#8243;][vc_column_text]N\u0130RAS INTERNATIONAL CONSULTING<br \/>\nNOVART\u0130S<br \/>\nNOVARTIS CORP.<br \/>\nNOVO NORDISK INC<br \/>\nNT TEKNOLOJ\u0130 MA\u011eAZALARI<br \/>\nODT\u00dc<br \/>\nOLTA\u015e A\u015e<br \/>\nOLX GROUP<br \/>\nORTA KARADEN\u0130Z KALKINMA AJANSI<br \/>\nOST\u0130M<br \/>\nPENT\u0130<br \/>\nPETL\u0130NE<br \/>\nPH\u0130L\u0130P MORR\u0130S<br \/>\nPHILIP MORRIS INTERNATIONAL INC<br \/>\nPHIZER INC.<br \/>\nPOZTECH B\u0130L\u0130\u015e\u0130M<br \/>\nPROJECT GROUP DANI\u015eMANLIK<br \/>\nPURE STORAGE<br \/>\nQUALCOMM<br \/>\nRASH\u0130DEEN HOLDING UAE<br \/>\nRAST M\u00dcHEND\u0130SL\u0130K DANI\u015eMANLIK<br \/>\nROBINHOOD<br \/>\nROCHE<br \/>\nROTARY KUL\u00dcB\u00dc<br \/>\nSABAH GAZETES\u0130 (MERKEZ DA\u011eITIM)<br \/>\nSAH\u0130L G\u00dcVENL\u0130K KOMUTANLI\u011eI<br \/>\nSALESFORCE<br \/>\nSAMA<br \/>\n\u015eANLIURFA B\u00dcY\u00dcK\u015eEH\u0130R BELED\u0130YES\u0130<br \/>\nSATEM<br \/>\nSATYA LTD- IIHT &amp; TOONSKOOL<br \/>\nSMALLPDF<br \/>\nSPLUNK<br \/>\nSTRANFORD UNIVERSITY<br \/>\nT.C. BA\u015eBAKANLIK AFET VE AC\u0130L DURUM BA\u015eKANLI\u011eI<br \/>\nT.C. BA\u015eBAKANLIK YATIRIM DESTEK VE TANITIM AJANSI<br \/>\nT.C. \u00c7ALI\u015eMA VE SOSYAL G\u00dcVENL\u0130K BAKANLI\u011eI<br \/>\nT.C. \u00c7EVRE VE \u015eEH\u0130RC\u0130L\u0130K BAKANLI\u011eI<br \/>\nTABREED<br \/>\nTAD (T\u00dcRK AMER\u0130KAN DERNE\u011e\u0130) \u00c7AYYOLU<br \/>\nTAD (T\u00dcRK AMER\u0130KAN DERNE\u011eI) C\u0130NNAH<br \/>\nTALABAT<br \/>\nTBMM<br \/>\nTEF\u0130ROM A\u015e<br \/>\nTELEKURYE<br \/>\nTEXAS CHILDREN\u2019S<br \/>\nTGAR<br \/>\nTJX COMPANIES INC<br \/>\nTOBB (T\u00dcRKIYE ODALAR VE BORSALAR BIRLI\u011eI)<br \/>\nTOBB ET\u00dc S\u00dcREKL\u0130 E\u011e\u0130T\u0130M MERKEZ\u0130<br \/>\nTOBB KADIN G\u0130R\u0130\u015e\u0130MC\u0130LER KURULU<br \/>\nTONES LONG LASALLE<br \/>\nTP DA\u011eITIM A\u015e<br \/>\nTPAO (T\u00dcRK\u0130YE PETROLLER\u0130 ANON\u0130M ORTAKLI\u011eI)<br \/>\nTP\u0130C (TURKISH PETROLEUM INTERNATIONAL COMPANY)<br \/>\nTRABZON B\u00dcY\u00dcK\u015eEH\u0130R BELED\u0130YES\u0130<br \/>\nT\u00dcB\u0130TAK<br \/>\nT\u00dcRK\u0130YE BELED\u0130YELER B\u0130RL\u0130\u011e\u0130<br \/>\nUN-UNITED NATIONS- B\u0130RLE\u015eM\u0130\u015e M\u0130LLETLER<br \/>\nUNDP<br \/>\nUNILEVER<br \/>\nUS DEPARTMENT OF THE AIR FORCE<br \/>\n\u00dcSK\u00dcDAR \u00dcN\u0130VERS\u0130TES\u0130<br \/>\nVAN B\u00dcY\u00dcK\u015eEH\u0130R BELED\u0130YES\u0130<br \/>\nVISA<br \/>\nVMWARE<br \/>\nWALKME, INC.<br \/>\nWARNER BROS DISCOVERY<br \/>\nWEGLOBAL DANI\u015eMANLIK<br \/>\nWM WARE<br \/>\nWTO-WORLD TRADE ORGAN\u0130ZAT\u0130ON- D\u00dcNYA T\u0130CARET \u00d6RG\u00dcT\u00dc<br \/>\nWYG DANI\u015eMANLIK<br \/>\nYATA\u011eANLI<br \/>\nZENDESK<br \/>\nZ\u0130RAAT BANKASI A\u015e[\/vc_column_text][\/vc_column][\/vc_row]<\/p>\n","protected":false},"excerpt":{"rendered":"<p>[vc_row full_width=&#8221;stretch_row&#8221; bg_type=&#8221;image&#8221; bg_image_new=&#8221;785&#8243; enable_overlay=&#8221;enable_overlay_value&#8221; overlay_style=&#8221;custom_gradient&#8221; overlay_opacity=&#8221;90&#8243; css=&#8221;.vc_custom_1713215032339{margin-bottom: 0px !important;padding-top: 50px !important;padding-bottom: 50px !important;}&#8221; overlay_grad=&#8221;background: -webkit-gradient(linear, left top, left bottom, color-stop(0%, #94B9FF), color-stop(100%, #CDFFD8));background: -moz-linear-gradient(top,#94B9FF 0%,#CDFFD8 100%);background: -webkit-linear-gradient(top,#94B9FF 0%,#CDFFD8 100%);background: -o-linear-gradient(top,#94B9FF 0%,#CDFFD8 100%);background: -ms-linear-gradient(top,#94B9FF 0%,#CDFFD8 100%);background: linear-gradient(top,#94B9FF 0%,#CDFFD8 100%);&#8221;][vc_column][vc_custom_heading text=&#8221;Referanslar&#8221; font_container=&#8221;tag:h1|font_size:60px|text_align:center|color:%23ffffff|line_height:1em&#8221; use_theme_fonts=&#8221;yes&#8221;][\/vc_column][\/vc_row][vc_row full_width=&#8221;stretch_row&#8221; css=&#8221;.vc_custom_1461087885406{margin-bottom: 0px !important;padding-top: 100px !important;padding-bottom: 20px !important;background-color: #fbfbfb !important;}&#8221;][vc_column width=&#8221;1\/3&#8243; el_class=&#8221;wow fadeInUp&#8221;][vc_column_text]1PASSWORD [&hellip;]<\/p>\n","protected":false},"author":1,"featured_media":0,"parent":0,"menu_order":0,"comment_status":"closed","ping_status":"closed","template":"","meta":{"footnotes":""},"aioseo_notices":[],"_links":{"self":[{"href":"https:\/\/handanozturk.com\/tr\/wp-json\/wp\/v2\/pages\/3188"}],"collection":[{"href":"https:\/\/handanozturk.com\/tr\/wp-json\/wp\/v2\/pages"}],"about":[{"href":"https:\/\/handanozturk.com\/tr\/wp-json\/wp\/v2\/types\/page"}],"author":[{"embeddable":true,"href":"https:\/\/handanozturk.com\/tr\/wp-json\/wp\/v2\/users\/1"}],"replies":[{"embeddable":true,"href":"https:\/\/handanozturk.com\/tr\/wp-json\/wp\/v2\/comments?post=3188"}],"version-history":[{"count":7,"href":"https:\/\/handanozturk.com\/tr\/wp-json\/wp\/v2\/pages\/3188\/revisions"}],"predecessor-version":[{"id":4567,"href":"https:\/\/handanozturk.com\/tr\/wp-json\/wp\/v2\/pages\/3188\/revisions\/4567"}],"wp:attachment":[{"href":"https:\/\/handanozturk.com\/tr\/wp-json\/wp\/v2\/media?parent=3188"}],"curies":[{"name":"wp","href":"https:\/\/api.w.org\/{rel}","templated":true}]}}