{"id":3173,"date":"2021-05-16T17:49:47","date_gmt":"2021-05-16T17:49:47","guid":{"rendered":"https:\/\/handanozturk.com\/?page_id=3173"},"modified":"2024-05-22T15:59:18","modified_gmt":"2024-05-22T12:59:18","slug":"hakkimda","status":"publish","type":"page","link":"https:\/\/handanozturk.com\/tr\/hakkimda\/","title":{"rendered":"Hakk\u0131mda"},"content":{"rendered":"<p>[vc_row full_width=&#8221;stretch_row_content_no_spaces&#8221; content_placement=&#8221;middle&#8221; css=&#8221;.vc_custom_1621279129833{margin-bottom: 0px !important;}&#8221;][vc_column width=&#8221;1\/2&#8243;][vc_single_image image=&#8221;3174&#8243; img_size=&#8221;full&#8221; el_class=&#8221;wow fadeInRight&#8221;][\/vc_column][vc_column width=&#8221;1\/2&#8243; css=&#8221;.vc_custom_1621279025948{padding-top: 5% !important;padding-right: 5% !important;padding-bottom: 5% !important;padding-left: 5% !important;}&#8221;][vc_custom_heading text=&#8221;Handan \u00d6zt\u00fcrk `{`tm_dione_color cl=&#8220;ndColor&#8220;`}`kimdir? `{`\/tm_dione_color`}`&#8221; font_container=&#8221;tag:h1|text_align:left|line_height:1.1em&#8221; use_theme_fonts=&#8221;yes&#8221; css=&#8221;.vc_custom_1621187333423{margin-bottom: 30px !important;}&#8221; el_class=&#8221;wow fadeInUp&#8221;][vc_custom_heading text=&#8221;Handan \u00d6zt\u00fcrk, kendini ger\u00e7ekle\u015ftiren \u00f6zg\u00fcn bir lider olarak, evrensel d\u00fczeye ta\u015f\u0131d\u0131\u011f\u0131 profesyonel ko\u00e7luk, mentorluk, e\u011fitim, dan\u0131\u015fmanl\u0131k, terapi, motivasyonel konu\u015fma y\u00f6ntemleri, 21 y\u0131l\u0131 a\u015fk\u0131n akredite evrensel deneyimi, yaz\u0131l\u0131\/s\u00f6zl\u00fc yay\u0131nlar\u0131,  bar\u0131\u015fc\u0131l yakla\u015f\u0131m\u0131 ile d\u00fcnya genelinde kurumlara ve bireylere nokta at\u0131\u015f\u0131 d\u00f6n\u00fc\u015f\u00fcm ve g\u00fc\u00e7lenme \u00e7\u00f6z\u00fcmleri sunmaktad\u0131r.<\/p>\n<p>Ocak 2024 tarihine kadar, d\u00fcnya genelinde 800 d\u00fcnya lideri ile 7000 saati a\u015fk\u0131n birebir \u00e7al\u0131\u015fma yapm\u0131\u015ft\u0131r. D\u00fcnya genelinde 350 kurum ve kurulu\u015flarla i\u015fbirli\u011fi yaparak e\u011fitmen\/motivasyonel konu\u015fmac\u0131 olarak 210,000+ profesyonelin geli\u015fim, d\u00f6n\u00fc\u015f\u00fcm ve g\u00fc\u00e7lenmesine katk\u0131 sunmu\u015ftur. Accenture, Google, Bosch, BP, Chevron, Chanel, Dell, Deloitte, EU, Hilton, Unilever, Kraken, Mars, Philip Morris, HP, IBM, Visa, American Express, Bayer, Hilton, Roche, Pfizer, Cisco, Stanford University, Melbourne University, UN, Warner Bros Discovery, Ziraat Bankas\u0131 i\u015fbirli\u011fi yapt\u0131\u011f\u0131 kurumlar aras\u0131ndad\u0131r. <a style=``color: #0000FF;`` href=``https:\/\/handanozturk.com\/referanslar\/``>T\u00fcm referanslar i\u00e7in t\u0131klay\u0131n\u0131z.<\/a>&#8221; font_container=&#8221;tag:div|text_align:left&#8221; use_theme_fonts=&#8221;yes&#8221; el_class=&#8221;wow fadeInUp&#8221;][\/vc_column][\/vc_row][vc_row full_width=&#8221;stretch_row_content_no_spaces&#8221; content_placement=&#8221;middle&#8221; css=&#8221;.vc_custom_1621279137515{margin-bottom: 0px !important;}&#8221;][vc_column width=&#8221;1\/2&#8243; css=&#8221;.vc_custom_1621279082970{padding-top: 5% !important;padding-right: 5% !important;padding-bottom: 5% !important;padding-left: 5% !important;}&#8221;][vc_custom_heading text=&#8221;Handan \u00d6zt\u00fcrk\u2019\u00fcn \u00f6zg\u00fcn liderlik, ileti\u015fim, \u00e7at\u0131\u015fma d\u00f6n\u00fc\u015f\u00fcm, g\u00fc\u00e7lendirme, strateji, kendini ger\u00e7ekle\u015ftirme ve motivasyon temelli d\u00fcnya genelinde sundu\u011fu \u00f6zg\u00fcn \u00e7\u00f6z\u00fcmlerin kapsad\u0131\u011f\u0131 <abbr class='c2c-text-hover' title='\u00c7al\u0131\u015fmalar\u0131m\u0131n kapsad\u0131\u011f\u0131 anahtar kelimeler kariyer planlama, gelecek tasar\u0131m\u0131, karl\u0131l\u0131k art\u0131r\u0131m\u0131, yetkinlik art\u0131r\u0131m\u0131, de\u011fi\u015fim y\u00f6netimi,  optimum denge, \u00f6zg\u00fcrl\u00fck, cesaret, netlik, duygusal \u00e7eviklik, merak, \u00e7o\u015fku, ya\u015fama sevinci, \u00f6zde\u011fer, \u00f6zsayg\u0131, \u00f6z\u015fefkat, \u00f6zkabul, \u00f6zg\u00fcven, g\u00f6r\u00fcn\u00fcrl\u00fck, odaklanma, dayan\u0131kl\u0131l\u0131k, \u00e7eviklik, etkinlik, sosyal i\u00e7erme, geribildirim, y\u00f6neticinin y\u00f6netimi, protokol, sosyal davran\u0131\u015f kurallar\u0131, imaj y\u00f6netimi, sat\u0131\u015f g\u00fcc\u00fcn\u00fc art\u0131rma, m\u00fc\u015fteri ili\u015fkileri, beden dili, yarg\u0131s\u0131z g\u00f6zlem, \u00f6zg\u00fcn liderlik, gelecek planlama,  kendini ger\u00e7ekle\u015ftirme, \u00e7at\u0131\u015fma d\u00f6n\u00fc\u015f\u00fcm\u00fc, delegasyon, \u00f6nceliklendirme, stress ve kayg\u0131 y\u00f6netimi, t\u00fckenme, bar\u0131\u015fc\u0131l ileti\u015fim, stratejik d\u00fc\u015f\u00fcnme, b\u00fct\u00fcnc\u00fcl d\u00fc\u015f\u00fcnme, vizyonel liderlik, durumsal liderlik, bar\u0131\u015f, i\u00e7 huzur,  kurumsal g\u00fc\u00e7lenme, i\u015f geli\u015ftirme, kurumi\u00e7i aidiyet, i\u00e7sel motivasyon,, motivasyon, k\u00fclt\u00fcrel de\u011fi\u015fim, inovasyon, yarat\u0131c\u0131 d\u00fc\u015f\u00fcnme,  hitabet, kolayla\u015ft\u0131r\u0131c\u0131l\u0131k, yetenek y\u00f6netimi, performans y\u00f6netimi, ba\u015far\u0131, ili\u015fki geli\u015ftirme, kad\u0131n \u00e7al\u0131\u015fmalar\u0131, zaman ve kaynak y\u00f6netimi,  empati, empatik dinleme, tak\u0131m y\u00f6netimi, zorlay\u0131c\u0131 durumlar\u0131n y\u00f6netimi, mutluluk, tak\u0131m y\u00f6netimi, ko\u00e7luk, mentorluk, etkin sunum, hikaye anlat\u0131c\u0131l\u0131\u011f\u0131, kolayla\u015ft\u0131r\u0131c\u0131l\u0131k \u2026'>anahtar<\/abbr> kelimelerden birka\u00e7\u0131; Karl\u0131l\u0131k art\u0131r\u0131m\u0131, yetkinlik art\u0131r\u0131m\u0131, de\u011fi\u015fim y\u00f6netimi,  optimum denge, \u00f6zg\u00fcrl\u00fck, cesaret, netlik, duygusal \u00e7eviklik, merak, \u00e7o\u015fku, ya\u015fama sevinci, \u00f6zde\u011fer, \u00f6zsayg\u0131, \u00f6z\u015fefkat, \u00f6zkabul, \u00f6zg\u00fcven, g\u00f6r\u00fcn\u00fcrl\u00fck, odaklanma, dayan\u0131kl\u0131l\u0131k, \u00e7eviklik, etkinlik, sosyal i\u00e7erme, kariyer planlama, geribildirim, y\u00f6neticinin y\u00f6netimi, protokol, sosyal davran\u0131\u015f kurallar\u0131, imaj y\u00f6netimi, sat\u0131\u015f g\u00fcc\u00fcn\u00fc art\u0131rma, m\u00fc\u015fteri ili\u015fkileri, beden dili, yarg\u0131s\u0131z g\u00f6zlem, \u00f6zg\u00fcn liderlik, gelecek planlama,  kendini ger\u00e7ekle\u015ftirme, \u00e7at\u0131\u015fma d\u00f6n\u00fc\u015f\u00fcm\u00fc, delegasyon, \u00f6nceliklendirme, stress ve kayg\u0131 y\u00f6netimi, t\u00fckenme, bar\u0131\u015fc\u0131l ileti\u015fim, stratejik d\u00fc\u015f\u00fcnme, b\u00fct\u00fcnc\u00fcl d\u00fc\u015f\u00fcnme, vizyonel liderlik, durumsal liderlik, bar\u0131\u015f, i\u00e7 huzur,  kurumsal g\u00fc\u00e7lenme, i\u015f geli\u015ftirme, kurumi\u00e7i aidiyet, i\u00e7sel motivasyon,, motivasyon, k\u00fclt\u00fcrel de\u011fi\u015fim, inovasyon, yarat\u0131c\u0131 d\u00fc\u015f\u00fcnme,  hitabet, kolayla\u015ft\u0131r\u0131c\u0131l\u0131k, yetenek y\u00f6netimi, performans y\u00f6netimi, ba\u015far\u0131 , ili\u015fki geli\u015ftirme, kad\u0131n \u00e7al\u0131\u015fmalar\u0131, zaman ve kaynak y\u00f6netimi,  empati, empatik dinleme, tak\u0131m y\u00f6netimi, zorlay\u0131c\u0131 durumlar\u0131n y\u00f6netimi, mutluluk, tak\u0131m y\u00f6netimi, ko\u00e7luk, mentorluk, etkin sunum, hikaye anlat\u0131c\u0131l\u0131\u011f\u0131,kolayla\u015ft\u0131r\u0131c\u0131l\u0131k&#8230;&#8221; font_container=&#8221;tag:div|text_align:left&#8221; use_theme_fonts=&#8221;yes&#8221; el_class=&#8221;wow fadeInUp&#8221;][\/vc_column][vc_column width=&#8221;1\/2&#8243;][vc_single_image image=&#8221;5026&#8243; img_size=&#8221;full&#8221; el_class=&#8221;wow fadeInRight&#8221;][\/vc_column][\/vc_row][vc_row full_width=&#8221;stretch_row_content_no_spaces&#8221; content_placement=&#8221;top&#8221; css=&#8221;.vc_custom_1621279179945{margin-bottom: 0px !important;}&#8221;][vc_column css=&#8221;.vc_custom_1621279212975{padding-top: 5% !important;padding-right: 5% !important;padding-bottom: 5% !important;padding-left: 5% !important;}&#8221;][vc_custom_heading text=&#8221;H. Handan \u00d6ZT\u00dcRK, Kanada\u2019da \u0130\u015fletme okuduktan sonra ABD\u2019de Ki\u015fileraras\u0131\/Kurumsal \u0130leti\u015fim e\u011fitimi ald\u0131. Ankara Sosyal Bilimler Enstit\u00fcs\u00fcnde Uluslararas\u0131 \u0130li\u015fkiler\/Bar\u0131\u015f ve \u00c7at\u0131\u015fma \u00c7al\u0131\u015fmalar\u0131 Y\u00fcksek Lisans Program\u0131n\u0131 \u015fiddetsiz\/\u015fefkatli ileti\u015fim ve bar\u0131\u015fc\u0131l \u00e7at\u0131\u015fma d\u00f6n\u00fc\u015f\u00fcm\u00fc \u00fczerine yazd\u0131\u011f\u0131 tez ile tamamlad\u0131.<\/p>\n<p>\u0130\u015f hayat\u0131na Ko\u00e7 Holding Nakka\u015ftepe\u2019de Rahmi M. Ko\u00e7\u2019un Uluslararas\u0131 Ticaret Odas\u0131 Sekreteri olarak ba\u015flad\u0131. Ard\u0131ndan merkezi Dubai\u2019de olan Rashideen Holding\u2019de D\u0131\u015f \u0130li\u015fkiler Koordinat\u00f6r\u00fc; BP T\u00fcrkiye\u2019 de Market Saha Koordinat\u00f6r\u00fc, Kategori M\u00fcd\u00fcr\u00fc; BP Amoco ABD\u2019de NJ Eyaletinden Sorumlu B\u00f6lge Genel M\u00fcd\u00fcr\u00fc g\u00f6revlerini \u00fcstlendi.<br \/>\nBiriktirdi\u011fi deneyimler ve akademik altyap\u0131 ile i\u015fletme sahipleri ve \u00fcst d\u00fczey karar vericilerin, t\u0131kanma ve i\u015fletme k\u00f6rl\u00fc\u011f\u00fc ya\u015fad\u0131\u011f\u0131 durumlarda ihtiya\u00e7 duyabilece\u011fi, k\u0131sa vadede mevcut kaynaklar\u0131n\u0131 etkin kullanarak hemen uygulayabilecekleri s\u0131ra d\u0131\u015f\u0131 stratejik nokta at\u0131\u015f\u0131 \u00e7\u00f6z\u00fcmleriyle, mevcut potansiyeli ve yetkinlikleri ke\u015ffedip, sat\u0131\u015f\u0131n, verimin ve karl\u0131l\u0131\u011f\u0131n artmas\u0131na katk\u0131da bulundu. Uluslararas\u0131 Ticaret Merkezi ve Birle\u015fmi\u015f Milletler taraf\u0131ndan k\u0131demli kurumsal g\u00fc\u00e7lenme dan\u0131\u015fman\u0131 \u00fcnvan\u0131n\u0131 ve akreditasyonu alm\u0131\u015f 27 kurum ve i\u015fletmelerin kurumsal optimizasyon s\u00fcrecinin y\u00f6netilmesinde mentorluk, ko\u00e7luk ve dan\u0131\u015fmanl\u0131k yakla\u015f\u0131mlar\u0131 ile d\u00f6n\u00fc\u015f\u00fcm hizmetleri vermi\u015ftir. Bununla birlikte 16 Avrupa Birli\u011fi ve Birle\u015fmi\u015f Milletler projesinde k\u0131r\u0131lgan, dezavantajl\u0131 gruplar\u0131n sosyal i\u00e7erme \u00e7al\u0131\u015fmalar\u0131, e\u011fitim, geli\u015fim, d\u00f6n\u00fc\u015f\u00fcm, VIP dan\u0131\u015fmanl\u0131k, STKlar\u0131n Kapasite Art\u0131r\u0131m\u0131, Kurumsal \u0130yile\u015fme, Stratejik Proje Y\u00f6netimi, \u0130nsan Kaynaklar\u0131 alanlar\u0131nda k\u0131demli uzman olarak g\u00f6rev alm\u0131\u015ft\u0131r.<\/p>\n<p>\u00d6zt\u00fcrk\u2019\u00fcn Sunum At\u00f6lyesi ve G\u00fcnlerden Handan isimli yay\u0131nlanm\u0131\u015f iki kitab\u0131, \u015eiddetsiz \u0130leti\u015fim\/\u015eefkatli \u0130leti\u015fimin Bar\u0131\u015f E\u011fitimine Katk\u0131s\u0131 \u00fczerine yay\u0131nlanm\u0131\u015f bir tezi bulunmaktad\u0131r.&#8221; font_container=&#8221;tag:div|text_align:left&#8221; use_theme_fonts=&#8221;yes&#8221; el_class=&#8221;wow fadeInUp&#8221;][\/vc_column][\/vc_row]<\/p>\n","protected":false},"excerpt":{"rendered":"<p>[vc_row full_width=&#8221;stretch_row_content_no_spaces&#8221; content_placement=&#8221;middle&#8221; css=&#8221;.vc_custom_1621279129833{margin-bottom: 0px !important;}&#8221;][vc_column width=&#8221;1\/2&#8243;][vc_single_image image=&#8221;3174&#8243; img_size=&#8221;full&#8221; el_class=&#8221;wow fadeInRight&#8221;][\/vc_column][vc_column width=&#8221;1\/2&#8243; css=&#8221;.vc_custom_1621279025948{padding-top: 5% !important;padding-right: 5% !important;padding-bottom: 5% !important;padding-left: 5% !important;}&#8221;][vc_custom_heading text=&#8221;Handan \u00d6zt\u00fcrk `{`tm_dione_color cl=&#8220;ndColor&#8220;`}`kimdir? `{`\/tm_dione_color`}`&#8221; font_container=&#8221;tag:h1|text_align:left|line_height:1.1em&#8221; use_theme_fonts=&#8221;yes&#8221; css=&#8221;.vc_custom_1621187333423{margin-bottom: 30px !important;}&#8221; el_class=&#8221;wow fadeInUp&#8221;][vc_custom_heading text=&#8221;Handan \u00d6zt\u00fcrk, kendini ger\u00e7ekle\u015ftiren \u00f6zg\u00fcn bir lider olarak, evrensel d\u00fczeye ta\u015f\u0131d\u0131\u011f\u0131 profesyonel ko\u00e7luk, mentorluk, e\u011fitim, dan\u0131\u015fmanl\u0131k, terapi, motivasyonel konu\u015fma y\u00f6ntemleri, 21 y\u0131l\u0131 [&hellip;]<\/p>\n","protected":false},"author":1,"featured_media":0,"parent":0,"menu_order":0,"comment_status":"closed","ping_status":"closed","template":"","meta":{"footnotes":""},"aioseo_notices":[],"_links":{"self":[{"href":"https:\/\/handanozturk.com\/tr\/wp-json\/wp\/v2\/pages\/3173"}],"collection":[{"href":"https:\/\/handanozturk.com\/tr\/wp-json\/wp\/v2\/pages"}],"about":[{"href":"https:\/\/handanozturk.com\/tr\/wp-json\/wp\/v2\/types\/page"}],"author":[{"embeddable":true,"href":"https:\/\/handanozturk.com\/tr\/wp-json\/wp\/v2\/users\/1"}],"replies":[{"embeddable":true,"href":"https:\/\/handanozturk.com\/tr\/wp-json\/wp\/v2\/comments?post=3173"}],"version-history":[{"count":12,"href":"https:\/\/handanozturk.com\/tr\/wp-json\/wp\/v2\/pages\/3173\/revisions"}],"predecessor-version":[{"id":5028,"href":"https:\/\/handanozturk.com\/tr\/wp-json\/wp\/v2\/pages\/3173\/revisions\/5028"}],"wp:attachment":[{"href":"https:\/\/handanozturk.com\/tr\/wp-json\/wp\/v2\/media?parent=3173"}],"curies":[{"name":"wp","href":"https:\/\/api.w.org\/{rel}","templated":true}]}}