{"id":3159,"date":"2021-05-16T16:05:16","date_gmt":"2021-05-16T16:05:16","guid":{"rendered":"http:\/\/handanozturk.com\/?page_id=3159"},"modified":"2024-04-16T00:06:37","modified_gmt":"2024-04-15T21:06:37","slug":"atolye-basvuru-formu","status":"publish","type":"page","link":"https:\/\/handanozturk.com\/tr\/atolye-basvuru-formu\/","title":{"rendered":"At\u00f6lye Ba\u015fvuru Formu"},"content":{"rendered":"<p>[vc_row css=&#8221;.vc_custom_1713215193029{padding-top: 50px !important;padding-bottom: 50px !important;}&#8221;][vc_column][vc_column_text]<\/p>\n<h1>At\u00f6lye Ba\u015fvuru Formu<\/h1>\n<p>[\/vc_column_text][vc_column_text]<div class=\"wpforms-container wpforms-container-full wpforms-block wpforms-block-dc6c958e-485f-4e91-af36-4344c4063b14\" id=\"wpforms-3158\"><form id=\"wpforms-form-3158\" class=\"wpforms-validate wpforms-form\" data-formid=\"3158\" method=\"post\" enctype=\"multipart\/form-data\" action=\"\/tr\/wp-json\/wp\/v2\/pages\/3159\" data-token=\"02c39f321bd3705d8f87baf9b6ad53ea\" data-token-time=\"1775518473\"><noscript class=\"wpforms-error-noscript\">Bu formu bitirebilmek i\u00e7in taray\u0131c\u0131n\u0131zda JavaScript&#039;i etkinle\u015ftirin.<\/noscript><div class=\"wpforms-field-container\"><div id=\"wpforms-3158-field_0-container\" class=\"wpforms-field wpforms-field-name\" data-field-id=\"0\"><label class=\"wpforms-field-label\" for=\"wpforms-3158-field_0\">\u0130sim &#8211; Soy \u0130sim <span class=\"wpforms-required-label\">*<\/span><\/label><div class=\"wpforms-field-row wpforms-field-medium\"><div class=\"wpforms-field-row-block wpforms-first wpforms-one-half\"><input type=\"text\" id=\"wpforms-3158-field_0\" class=\"wpforms-field-name-first wpforms-field-required\" name=\"wpforms[fields][0][first]\" required><label for=\"wpforms-3158-field_0\" class=\"wpforms-field-sublabel after wpforms-sublabel-hide\">Ad<\/label><\/div><div class=\"wpforms-field-row-block wpforms-one-half\"><input type=\"text\" id=\"wpforms-3158-field_0-last\" class=\"wpforms-field-name-last wpforms-field-required\" name=\"wpforms[fields][0][last]\" required><label for=\"wpforms-3158-field_0-last\" class=\"wpforms-field-sublabel after wpforms-sublabel-hide\">Soyad<\/label><\/div><\/div><\/div><div id=\"wpforms-3158-field_1-container\" class=\"wpforms-field wpforms-field-email\" data-field-id=\"1\"><label class=\"wpforms-field-label\" for=\"wpforms-3158-field_1\">E-posta <span class=\"wpforms-required-label\">*<\/span><\/label><input type=\"email\" id=\"wpforms-3158-field_1\" class=\"wpforms-field-medium wpforms-field-required\" name=\"wpforms[fields][1]\" spellcheck=\"false\" required><\/div><div id=\"wpforms-3158-field_4-container\" class=\"wpforms-field wpforms-field-checkbox\" data-field-id=\"4\"><label class=\"wpforms-field-label\" for=\"wpforms-3158-field_4\">Kat\u0131lmay\u0131 d\u00fc\u015f\u00fcnd\u00fc\u011f\u00fcn\u00fcz at\u00f6lye(ler) <span class=\"wpforms-required-label\">*<\/span><\/label><ul id=\"wpforms-3158-field_4\" class=\"wpforms-field-required\"><li class=\"choice-1 depth-1\"><input type=\"checkbox\" id=\"wpforms-3158-field_4_1\" name=\"wpforms[fields][4][]\" value=\"D\u00f6n\u00fc\u015f\u00fcm Treni \/ 4 oturum \/ Toplam 6 saat\" required ><label class=\"wpforms-field-label-inline\" for=\"wpforms-3158-field_4_1\">D\u00f6n\u00fc\u015f\u00fcm Treni \/ 4 oturum \/ Toplam 6 saat<\/label><\/li><li class=\"choice-2 depth-1\"><input type=\"checkbox\" id=\"wpforms-3158-field_4_2\" name=\"wpforms[fields][4][]\" value=\"Bar\u0131\u015f\u00e7\u0131l \u0130leti\u015fim ve \u0130li\u015fkiler \/ 4 oturum \/ Toplam 6 saat\" required ><label class=\"wpforms-field-label-inline\" for=\"wpforms-3158-field_4_2\">Bar\u0131\u015f\u00e7\u0131l \u0130leti\u015fim ve \u0130li\u015fkiler \/ 4 oturum \/ Toplam 6 saat<\/label><\/li><li class=\"choice-3 depth-1\"><input type=\"checkbox\" id=\"wpforms-3158-field_4_3\" name=\"wpforms[fields][4][]\" value=\"Sunum ve E\u011fitim Becerileri At\u00f6lyesi \/ 4 oturum \/ Toplam 6 saat\" required ><label class=\"wpforms-field-label-inline\" for=\"wpforms-3158-field_4_3\">Sunum ve E\u011fitim Becerileri At\u00f6lyesi \/ 4 oturum \/ Toplam 6 saat<\/label><\/li><li class=\"choice-4 depth-1\"><input type=\"checkbox\" id=\"wpforms-3158-field_4_4\" name=\"wpforms[fields][4][]\" value=\"Fl\u00f6rt Tamircisi \/ 4 oturum \/ Toplam 6 saat\" required ><label class=\"wpforms-field-label-inline\" for=\"wpforms-3158-field_4_4\">Fl\u00f6rt Tamircisi \/ 4 oturum \/ Toplam 6 saat<\/label><\/li><li class=\"choice-5 depth-1\"><input type=\"checkbox\" id=\"wpforms-3158-field_4_5\" name=\"wpforms[fields][4][]\" value=\"Ko\u00e7lar i\u00e7in Mentorluk \/ 4 oturum \/ Toplam 10 saat\" required ><label class=\"wpforms-field-label-inline\" for=\"wpforms-3158-field_4_5\">Ko\u00e7lar i\u00e7in Mentorluk \/ 4 oturum \/ Toplam 10 saat<\/label><\/li><li class=\"choice-6 depth-1\"><input type=\"checkbox\" id=\"wpforms-3158-field_4_6\" name=\"wpforms[fields][4][]\" value=\"\u0130\u00e7sel Motivasyon \/ 1 oturum \/ 2 saat\" required ><label class=\"wpforms-field-label-inline\" for=\"wpforms-3158-field_4_6\">\u0130\u00e7sel Motivasyon \/ 1 oturum \/ 2 saat<\/label><\/li><li class=\"choice-7 depth-1\"><input type=\"checkbox\" id=\"wpforms-3158-field_4_7\" name=\"wpforms[fields][4][]\" value=\"Etkin G\u00f6r\u00fc\u015fme ve M\u00fclakat Becerileri \/ 4 oturum \/ 6 saat\" required ><label class=\"wpforms-field-label-inline\" for=\"wpforms-3158-field_4_7\">Etkin G\u00f6r\u00fc\u015fme ve M\u00fclakat Becerileri \/ 4 oturum \/ 6 saat<\/label><\/li><li class=\"choice-8 depth-1\"><input type=\"checkbox\" id=\"wpforms-3158-field_4_8\" name=\"wpforms[fields][4][]\" value=\"\u00d6zg\u00fcn Liderlik \/ 12 oturum \/ 18 saat\" required ><label class=\"wpforms-field-label-inline\" for=\"wpforms-3158-field_4_8\">\u00d6zg\u00fcn Liderlik \/ 12 oturum \/ 18 saat<\/label><\/li><li class=\"choice-9 depth-1\"><input type=\"checkbox\" id=\"wpforms-3158-field_4_9\" name=\"wpforms[fields][4][]\" value=\"Stratejik \u0130yile\u015fme, B\u00fcy\u00fcme ve Y\u00f6netim \/ 4 oturum \/ 6 saat\" required ><label class=\"wpforms-field-label-inline\" for=\"wpforms-3158-field_4_9\">Stratejik \u0130yile\u015fme, B\u00fcy\u00fcme ve Y\u00f6netim \/ 4 oturum \/ 6 saat<\/label><\/li><\/ul><\/div><div id=\"wpforms-3158-field_5-container\" class=\"wpforms-field wpforms-field-checkbox\" data-field-id=\"5\"><label class=\"wpforms-field-label\" for=\"wpforms-3158-field_5\">At\u00f6lyeler i\u00e7in tercih etti\u011finiz zamanlar <span class=\"wpforms-required-label\">*<\/span><\/label><ul id=\"wpforms-3158-field_5\" class=\"wpforms-field-required\"><li class=\"choice-1 depth-1\"><input type=\"checkbox\" id=\"wpforms-3158-field_5_1\" name=\"wpforms[fields][5][]\" value=\"Cumartesi\" required ><label class=\"wpforms-field-label-inline\" for=\"wpforms-3158-field_5_1\">Cumartesi<\/label><\/li><li class=\"choice-2 depth-1\"><input type=\"checkbox\" id=\"wpforms-3158-field_5_2\" name=\"wpforms[fields][5][]\" value=\"Pazar\" required ><label class=\"wpforms-field-label-inline\" for=\"wpforms-3158-field_5_2\">Pazar<\/label><\/li><li class=\"choice-3 depth-1\"><input type=\"checkbox\" id=\"wpforms-3158-field_5_3\" name=\"wpforms[fields][5][]\" value=\"Hafta i\u00e7i (Ak\u015fam saatleri)\" required ><label class=\"wpforms-field-label-inline\" for=\"wpforms-3158-field_5_3\">Hafta i\u00e7i (Ak\u015fam saatleri)<\/label><\/li><\/ul><\/div><div id=\"wpforms-3158-field_2-container\" class=\"wpforms-field wpforms-field-textarea\" data-field-id=\"2\"><label class=\"wpforms-field-label\" for=\"wpforms-3158-field_2\">Belirtmek istedi\u011finiz detaylar ve sorular\u0131n\u0131z&#8230;<\/label><textarea id=\"wpforms-3158-field_2\" class=\"wpforms-field-medium\" name=\"wpforms[fields][2]\" ><\/textarea><\/div><\/div><!-- .wpforms-field-container --><div class=\"wpforms-recaptcha-container wpforms-is-turnstile\" ><div class=\"g-recaptcha\" data-sitekey=\"0x4AAAAAAARze2hXD01n0xj2\" data-action=\"FormID-3158\"><\/div><input type=\"text\" name=\"g-recaptcha-hidden\" class=\"wpforms-recaptcha-hidden\" style=\"position:absolute!important;clip:rect(0,0,0,0)!important;height:1px!important;width:1px!important;border:0!important;overflow:hidden!important;padding:0!important;margin:0!important;\" data-rule-turnstile=\"1\"><\/div><div class=\"wpforms-submit-container\" ><input type=\"hidden\" name=\"wpforms[id]\" value=\"3158\"><input type=\"hidden\" name=\"page_title\" value=\"\"><input type=\"hidden\" name=\"page_url\" value=\"https:\/\/handanozturk.com\/tr\/wp-json\/wp\/v2\/pages\/3159\"><button type=\"submit\" name=\"wpforms[submit]\" id=\"wpforms-submit-3158\" class=\"wpforms-submit\" data-alt-text=\"G\u00f6nderiliyor...\" data-submit-text=\"G\u00f6nder\" aria-live=\"assertive\" value=\"wpforms-submit\">G\u00f6nder<\/button><\/div><\/form><\/div>  <!-- .wpforms-container -->[\/vc_column_text][\/vc_column][\/vc_row]<\/p>","protected":false},"excerpt":{"rendered":"<p>[vc_row css=&#8221;.vc_custom_1713215193029{padding-top: 50px !important;padding-bottom: 50px !important;}&#8221;][vc_column][vc_column_text] At\u00f6lye Ba\u015fvuru Formu [\/vc_column_text][vc_column_text][\/vc_column_text][\/vc_column][\/vc_row]<\/p>\n","protected":false},"author":1,"featured_media":0,"parent":0,"menu_order":0,"comment_status":"closed","ping_status":"closed","template":"","meta":{"footnotes":""},"aioseo_notices":[],"_links":{"self":[{"href":"https:\/\/handanozturk.com\/tr\/wp-json\/wp\/v2\/pages\/3159"}],"collection":[{"href":"https:\/\/handanozturk.com\/tr\/wp-json\/wp\/v2\/pages"}],"about":[{"href":"https:\/\/handanozturk.com\/tr\/wp-json\/wp\/v2\/types\/page"}],"author":[{"embeddable":true,"href":"https:\/\/handanozturk.com\/tr\/wp-json\/wp\/v2\/users\/1"}],"replies":[{"embeddable":true,"href":"https:\/\/handanozturk.com\/tr\/wp-json\/wp\/v2\/comments?post=3159"}],"version-history":[{"count":4,"href":"https:\/\/handanozturk.com\/tr\/wp-json\/wp\/v2\/pages\/3159\/revisions"}],"predecessor-version":[{"id":4570,"href":"https:\/\/handanozturk.com\/tr\/wp-json\/wp\/v2\/pages\/3159\/revisions\/4570"}],"wp:attachment":[{"href":"https:\/\/handanozturk.com\/tr\/wp-json\/wp\/v2\/media?parent=3159"}],"curies":[{"name":"wp","href":"https:\/\/api.w.org\/{rel}","templated":true}]}}