{"id":3125,"date":"2021-05-10T17:06:21","date_gmt":"2021-05-10T17:06:21","guid":{"rendered":"http:\/\/handanozturk.com\/?page_id=3125"},"modified":"2024-04-15T16:01:11","modified_gmt":"2024-04-15T13:01:11","slug":"atolyeler","status":"publish","type":"page","link":"https:\/\/handanozturk.com\/tr\/atolyeler\/","title":{"rendered":"At\u00f6lyeler"},"content":{"rendered":"<p>[vc_row full_width=&#8221;stretch_row&#8221; bg_type=&#8221;image&#8221; bg_image_new=&#8221;3091&#8243; enable_overlay=&#8221;enable_overlay_value&#8221; overlay_style=&#8221;custom_gradient&#8221; overlay_opacity=&#8221;90&#8243; css=&#8221;.vc_custom_1711198097025{margin-bottom: 0px !important;padding-top: 50px !important;padding-bottom: 50px !important;}&#8221; overlay_grad=&#8221;background: -webkit-gradient(linear, left top, left bottom, color-stop(0%, #CDFFD8), color-stop(99%, #94B9FF));background: -moz-linear-gradient(top,#CDFFD8 0%,#94B9FF 99%);background: -webkit-linear-gradient(top,#CDFFD8 0%,#94B9FF 99%);background: -o-linear-gradient(top,#CDFFD8 0%,#94B9FF 99%);background: -ms-linear-gradient(top,#CDFFD8 0%,#94B9FF 99%);background: linear-gradient(top,#CDFFD8 0%,#94B9FF 99%);&#8221;][vc_column][vc_custom_heading text=&#8221;\u00d6zg\u00fcn At\u00f6lyeler&#8221; font_container=&#8221;tag:h1|font_size:60px|text_align:center|color:%23ffffff|line_height:1em&#8221; use_theme_fonts=&#8221;yes&#8221;][\/vc_column][\/vc_row][vc_row full_width=&#8221;stretch_row&#8221; equal_height=&#8221;yes&#8221; content_placement=&#8221;middle&#8221; css=&#8221;.vc_custom_1622555529288{padding-top: 50px !important;padding-bottom: 50px !important;}&#8221; el_id=&#8221;tum-atolyeler&#8221;][vc_column width=&#8221;2\/3&#8243;][vc_column_text]<\/p>\n<h3 id=\"selector-bf-60b637fa6a36f\" class=\"vc_custom_heading wow fadeInUp vc_custom_1619637354189\">Olumlu d\u00f6n\u00fc\u015f\u00fcmler i\u00e7in \u00f6zg\u00fcn, bireysel ve kurumsal at\u00f6lyeler&#8230;<\/h3>\n<div class=\"wpb_text_column wpb_content_element wow fadeInUp\">\n<div class=\"wpb_wrapper\">\n<p><span style=\"font-weight: 400;\">Kendi deneyimlerimden yola \u00e7\u0131karak her a\u015famas\u0131n\u0131 \u00f6zenle tasarlad\u0131\u011f\u0131m benzersiz at\u00f6lyelerimin de\u011fer katmas\u0131 niyetiyle<\/span><\/p>\n<\/div>\n<\/div>\n<p>[\/vc_column_text][\/vc_column][vc_column width=&#8221;1\/3&#8243;][thememove_menu better_menu=&#8221;At\u00f6lyeler&#8221;][\/vc_column][\/vc_row][vc_row full_width=&#8221;stretch_row&#8221; equal_height=&#8221;yes&#8221; content_placement=&#8221;middle&#8221; css=&#8221;.vc_custom_1622480272402{margin-bottom: 0px !important;padding-top: 50px !important;padding-bottom: 90px !important;background-color: #f4f4f4 !important;}&#8221; el_id=&#8221;icsel-motivasyon-atolyesi&#8221;][vc_column width=&#8221;2\/3&#8243;][call_to_action element_tag=&#8221;h3&#8243; button_style=&#8221;btn-border-black&#8221; align=&#8221;left&#8221; title=&#8221;\u0130\u00c7SEL MOT\u0130VASYON AT\u00d6LYES\u0130&#8221; button_link=&#8221;url:https%3A%2F%2Fhandanozturk.com%2Fatolye-basvuru-formu%2F|title:KATILIM%20VE%20B%C4%B0LG%C4%B0%20FORMU&#8221; css=&#8221;.vc_custom_1621185110024{padding-right: 20px !important;}&#8221;]<strong>Amac\u0131:<\/strong><br \/>\n\u2022 Kendi i\u00e7imizdeki canl\u0131 ile ba\u011flant\u0131ya ge\u00e7erek her an\u0131m\u0131z\u0131 sevgi, ne\u015fe, huzur ile doldurup d\u00fcnyada cennet halini ya\u015famak.<br \/>\n\u2022 \u00d6zg\u00fcven, \u00f6z sevgi, \u00f6zsayg\u0131, \u00f6z de\u011feri art\u0131rmak<br \/>\n\u2022 At\u00f6lye s\u00fcresince i\u00e7sel motivasyonumuzu art\u0131racak teknikler \u00f6\u011frenmek ve iz b\u0131rakan \u00f6zl\u00fc s\u00f6zleri i\u00e7selle\u015ftirmek.<\/p>\n<p><strong>\u0130\u00e7eri\u011fi:<\/strong><br \/>\nAt\u00f6lyemizin i\u00e7eri\u011fi ile ilgili detaylar \u201cBar\u0131\u015f B\u0130R ile\u201d \u015fark\u0131m\u0131z\u0131n s\u00f6zlerinde sakl\u0131. <a style=\"color: #0000dd;\" href=\"https:\/\/youtu.be\/Mxr0wZ3hO18\" target=\"_blank\" rel=\"noopener\">Dinlemek i\u00e7in buraya t\u0131klay\u0131n\u0131z.<\/a>[\/call_to_action][\/vc_column][vc_column width=&#8221;1\/3&#8243;][list style=&#8221;style3&#8243;]<\/p>\n<ul>\n<li>Online (Zoom)<\/li>\n<li>Tek oturum &#8211; 2 Saat<\/li>\n<li>Referans Kitap: G\u00fcnlerden Handan<\/li>\n<\/ul>\n<p>[\/list][\/vc_column][\/vc_row][vc_row full_width=&#8221;stretch_row&#8221; equal_height=&#8221;yes&#8221; content_placement=&#8221;middle&#8221; css=&#8221;.vc_custom_1622480418311{margin-bottom: 0px !important;padding-top: 50px !important;padding-bottom: 90px !important;}&#8221; el_id=&#8221;bariscil-iletisim-ve-iliskiler-atolyesi&#8221;][vc_column width=&#8221;2\/3&#8243;][call_to_action element_tag=&#8221;h3&#8243; button_style=&#8221;btn-border-black&#8221; align=&#8221;left&#8221; title=&#8221;BARI\u015e\u00c7IL \u0130LET\u0130\u015e\u0130M VE \u0130L\u0130\u015eK\u0130LER AT\u00d6LYES\u0130&#8221; button_link=&#8221;url:https%3A%2F%2Fhandanozturk.com%2Fatolye-basvuru-formu%2F|title:KATILIM%20VE%20B%C4%B0LG%C4%B0%20FORMU&#8221; css=&#8221;.vc_custom_1621185353445{padding-right: 20px !important;}&#8221;]<strong>Amac\u0131:<\/strong><br \/>\n\u2022 Tam potansiyelimi ya\u015fatarak kendim ve ba\u015fkalar\u0131 aras\u0131nda kar\u015f\u0131l\u0131kl\u0131 g\u00f6n\u00fclden al\u0131p vermeye dayal\u0131 ak\u0131\u015f, uyum ve de\u011fer katan payla\u015f\u0131m\u0131 \u00f6\u011frenmek.<br \/>\n\u2022 \u00c7\u00f6z\u00fcms\u00fcz oldu\u011fu d\u00fc\u015f\u00fcn\u00fclen anla\u015fmazl\u0131klarda yarat\u0131c\u0131 ve \u00f6zg\u00fcn \u00e7\u00f6z\u00fcmler bulman\u0131n y\u00f6ntemini \u00f6\u011frenmek<br \/>\n\u2022 Zor insanlar\u0131 ve zor durumlar\u0131 d\u00f6n\u00fc\u015ft\u00fcrmek<br \/>\n\u2022 At\u00f6lye s\u00fcresince empatik ve \u015fefkatli bir dil kullan\u0131m\u0131n\u0131 pratik etmek<br \/>\n\u2022 At\u00f6lye sonras\u0131 anla\u015f\u0131lma ve anlama ihtiya\u00e7lar\u0131m\u0131 nas\u0131l kar\u015f\u0131layabilece\u011fimi bilmenin huzurunu ya\u015famaya ba\u015flamak<\/p>\n<p><strong>\u0130\u00e7eri\u011fi:<\/strong><br \/>\nAt\u00f6lyemizin i\u00e7eri\u011fi ile ilgili detaylar \u201cBar\u0131\u015f B\u0130R ile\u201d \u015fark\u0131m\u0131z\u0131n s\u00f6zlerinde sakl\u0131. <a style=\"color: #0000dd;\" href=\"https:\/\/youtu.be\/Mxr0wZ3hO18\" target=\"_blank\" rel=\"noopener\">Dinlemek i\u00e7in buraya t\u0131klay\u0131n\u0131z.<\/a><\/p>\n<p><strong>Kimler kat\u0131lmal\u0131?<\/strong><br \/>\nAnla\u015f\u0131lma ve anlama ihtiya\u00e7lar\u0131n\u0131 kar\u015f\u0131lamak isteyen ve \u00e7\u00f6z\u00fcms\u00fcz oldu\u011fu d\u00fc\u015f\u00fcn\u00fclen anla\u015fmazl\u0131klar\u0131 bar\u0131\u015fc\u0131l y\u00f6ntemlerle kolayca \u00e7\u00f6z\u00fcmlemek isteyenler.[\/call_to_action][\/vc_column][vc_column width=&#8221;1\/3&#8243;][list style=&#8221;style3&#8243;]<\/p>\n<ul>\n<li>Online (Zoom)<\/li>\n<li>1 Ay &#8211; 4 Mod\u00fcl &#8211; 6 saat<\/li>\n<li>Referans Kitap: G\u00fcnlerden Handan<\/li>\n<\/ul>\n<p>[\/list][\/vc_column][\/vc_row][vc_row full_width=&#8221;stretch_row&#8221; equal_height=&#8221;yes&#8221; content_placement=&#8221;middle&#8221; css=&#8221;.vc_custom_1622480601698{margin-bottom: 0px !important;padding-top: 50px !important;padding-bottom: 90px !important;background-color: #f4f4f4 !important;}&#8221; el_id=&#8221;flort-tamircisi-atolyesi&#8221;][vc_column width=&#8221;2\/3&#8243;][call_to_action element_tag=&#8221;h3&#8243; button_style=&#8221;btn-border-black&#8221; align=&#8221;left&#8221; title=&#8221;FL\u00d6RT TAM\u0130RC\u0130S\u0130 AT\u00d6LYES\u0130&#8221; button_link=&#8221;url:https%3A%2F%2Fhandanozturk.com%2Fatolye-basvuru-formu%2F|title:KATILIM%20VE%20B%C4%B0LG%C4%B0%20FORMU&#8221; css=&#8221;.vc_custom_1621185366866{padding-right: 20px !important;}&#8221;]<strong>Amac\u0131:<\/strong><br \/>\n\u2022 E\u015fi ile birlikte ya\u015famla fl\u00f6rt etmek isteyenlerin<br \/>\n\u2022 Duygusal ili\u015fkisi olsun olmas\u0131n kendini ISSIZ hissedenlerin<br \/>\n\u2022 Duygusal ili\u015fkilerinde hep ayn\u0131 k\u0131s\u0131r d\u00f6ng\u00fcy\u00fc ya\u015fayanlar\u0131n<br \/>\n\u2022 Duygusal ili\u015fki ba\u015flatamayanlar\u0131n,<br \/>\n\u2022 Duygusal ili\u015fki sonland\u0131rma s\u00fcrecinde olanlar ve kay\u0131p hissi ya\u015fayanlar\u0131n<br \/>\n\u2022 Duygusal ili\u015fkisinde fl\u00f6rt\u00fc kaybettiklerine inananlar\u0131n<br \/>\n\u2022 Duygusal ili\u015fkiye \u2018BEN HAZIRIM\u2019 diyenlerin<br \/>\n\u2022 Di\u015fil ve eril g\u00fcc\u00fc a\u00e7\u0131\u011fa \u00e7\u0131kartarak bu g\u00fcc\u00fcn ke\u015ffiyle keyifli, istikrarl\u0131 ve s\u00fcrd\u00fcrebilir bir \u015fekilde fl\u00f6rt etmek isteyenlerin<br \/>\n\u2022 \u0130li\u015fkilerinin sayg\u0131, sevgi, g\u00fcven, safl\u0131k\/do\u011fall\u0131k, a\u00e7\u0131kl\u0131k, adalet, \u00f6zg\u00fcrl\u00fck, \u00f6zg\u00fcnl\u00fck ve d\u00fcr\u00fcstl\u00fc\u011f\u00fc kapsamas\u0131n\u0131 isteyenlerin<br \/>\n\u2022 \u0130li\u015fkilerinde var olmak, h\u00fcr olmak, kabul g\u00f6rmek de\u011ferli ve \u00f6nemli hissetmek isteyenlerin ihtiya\u00e7lar\u0131n\u0131 kar\u015f\u0131lamaya katk\u0131 sunmay\u0131 ama\u00e7l\u0131yor.<\/p>\n<p><strong>\u0130\u00e7eri\u011fi:<\/strong><br \/>\nAt\u00f6lyemizin i\u00e7eri\u011fi ile ilgili detaylar \u201cBar\u0131\u015f B\u0130R ile\u201d \u015fark\u0131m\u0131z\u0131n s\u00f6zlerinde sakl\u0131. <a style=\"color: #0000dd;\" href=\"https:\/\/youtu.be\/Mxr0wZ3hO18\" target=\"_blank\" rel=\"noopener\">Dinlemek i\u00e7in buraya t\u0131klay\u0131n\u0131z.<\/a><\/p>\n<p><strong>Kimler kat\u0131lmal\u0131?<\/strong><br \/>\nAnla\u015f\u0131lma ve anlama ihtiya\u00e7lar\u0131n\u0131 kar\u015f\u0131lamak isteyen ve \u00e7\u00f6z\u00fcms\u00fcz oldu\u011fu d\u00fc\u015f\u00fcn\u00fclen anla\u015fmazl\u0131klar\u0131 bar\u0131\u015fc\u0131l y\u00f6ntemlerle kolayca \u00e7\u00f6z\u00fcmlemek isteyenler.[\/call_to_action][\/vc_column][vc_column width=&#8221;1\/3&#8243;][list style=&#8221;style3&#8243;]<\/p>\n<ul>\n<li>Online (Zoom)<\/li>\n<li>1 Ay &#8211; 4 Mod\u00fcl &#8211; 6 saat<\/li>\n<\/ul>\n<p>[\/list][\/vc_column][\/vc_row][vc_row full_width=&#8221;stretch_row&#8221; equal_height=&#8221;yes&#8221; content_placement=&#8221;middle&#8221; css=&#8221;.vc_custom_1622480832764{margin-bottom: 0px !important;padding-top: 50px !important;padding-bottom: 90px !important;}&#8221; el_id=&#8221;etkin-gorusme-ve-mulakat-becerileri&#8221;][vc_column width=&#8221;2\/3&#8243;][call_to_action element_tag=&#8221;h3&#8243; button_style=&#8221;btn-border-black&#8221; align=&#8221;left&#8221; title=&#8221;ETK\u0130N G\u00d6R\u00dc\u015eME VE M\u00dcLAKAT BECER\u0130LER\u0130&#8221; button_link=&#8221;url:https%3A%2F%2Fhandanozturk.com%2Fatolye-basvuru-formu%2F|title:KATILIM%20VE%20B%C4%B0LG%C4%B0%20FORMU&#8221; css=&#8221;.vc_custom_1621185375777{padding-right: 20px !important;}&#8221;]<strong>Amac\u0131:<\/strong><br \/>\nBu at\u00f6lye etkin g\u00f6r\u00fc\u015fme ve m\u00fclakat becerilerinizi art\u0131ran teknikler sunarak<br \/>\n\u2022 \u0130\u015fe al\u0131m g\u00f6r\u00fc\u015fmeleri<br \/>\n\u2022 Travmatik k\u0131r\u0131lgan gruplarla yap\u0131lan g\u00f6r\u00fc\u015fmeler<br \/>\n\u2022 Sat\u0131\u015f g\u00f6r\u00fc\u015fmeleri<br \/>\n\u2022 \u0130htiya\u00e7 ve mevcut durum analizi i\u00e7in yap\u0131lan g\u00f6r\u00fc\u015fmeler<br \/>\n\u2022 Performans g\u00f6r\u00fc\u015fmeleri<br \/>\n\u2022 VIP ve \u00fcst d\u00fczey y\u00f6netici g\u00f6r\u00fc\u015fmeleri<br \/>\n\u2022 Ve bunun gibi en zorlay\u0131c\u0131 g\u00f6r\u00fc\u015fmelerin bile etkin y\u00fcr\u00fct\u00fclmesi ve g\u00f6r\u00fc\u015fme sonunda al\u0131nmas\u0131 gereken kararlar\u0131n etkin bir \u015fekilde al\u0131nmas\u0131n\u0131 ama\u00e7l\u0131yor.<\/p>\n<p>Kat\u0131l\u0131mc\u0131lar\u0131n bu at\u00f6lye ile birlikte \u0130\u00e7sel Motivasyon ve Bar\u0131\u015fc\u0131l \u0130leti\u015fim ve \u0130li\u015fkiler at\u00f6lyelerine kat\u0131l\u0131m\u0131 \u00f6nerilir.<\/p>\n<p>Bu at\u00f6lye online ve y\u00fcz y\u00fcze platformlarda T\u00fcrk\u00e7e ve \u0130ngilizce olarak verilmektedir.[\/call_to_action][\/vc_column][vc_column width=&#8221;1\/3&#8243;][list style=&#8221;style3&#8243;]<\/p>\n<ul>\n<li>Online (Zoom)<\/li>\n<li>1 Ay &#8211; 4 Mod\u00fcl &#8211; 6 saat<\/li>\n<\/ul>\n<p>[\/list][\/vc_column][\/vc_row][vc_row full_width=&#8221;stretch_row&#8221; equal_height=&#8221;yes&#8221; content_placement=&#8221;middle&#8221; css=&#8221;.vc_custom_1622486261992{margin-bottom: 0px !important;padding-top: 50px !important;padding-bottom: 90px !important;background-color: #f4f4f4 !important;}&#8221; el_id=&#8221;sunum-ve-egitim-becelerileri-atolyesi&#8221;][vc_column width=&#8221;2\/3&#8243;][call_to_action element_tag=&#8221;h3&#8243; button_style=&#8221;btn-border-black&#8221; align=&#8221;left&#8221; title=&#8221;SUNUM VE E\u011e\u0130T\u0130M BECELER\u0130LER\u0130 AT\u00d6LYES\u0130&#8221; button_link=&#8221;url:https%3A%2F%2Fhandanozturk.com%2Fatolye-basvuru-formu%2F|title:KATILIM%20VE%20B%C4%B0LG%C4%B0%20FORMU&#8221; css=&#8221;.vc_custom_1621185384642{padding-right: 20px !important;}&#8221;]<strong>Amac\u0131:<\/strong><br \/>\nSunum At\u00f6lyesi kitab\u0131m\u0131 referans alan bu at\u00f6lyede<br \/>\n\u2022 Toplulukla \u0130leti\u015fim hakk\u0131nda kritik bilgiler<br \/>\n\u2022 \u00d6zg\u00fcvenli Beden Dili ve Platform Becerileri<br \/>\n\u2022 Sunuma veya E\u011fitime Haz\u0131rl\u0131k<br \/>\n\u2022 \u0130kna Edici Sunumlar<br \/>\n\u2022 Bilgilendirici Sunumlar\/E\u011fitimler<br \/>\n\u2022 Motive Edici Sunumlar<br \/>\n\u2022 Spontane Sunumlar\/Konu\u015fmalar<br \/>\n\u00dczerine bilgi ve deneyim payla\u015f\u0131larak kat\u0131l\u0131mc\u0131lar\u0131n pratik yapmalar\u0131 ama\u00e7lanmaktad\u0131r.<\/p>\n<p>Bu at\u00f6lye online ve y\u00fcz y\u00fcze platformlarda T\u00fcrk\u00e7e ve \u0130ngilizce olarak verilmektedir.[\/call_to_action][\/vc_column][vc_column width=&#8221;1\/3&#8243;][list style=&#8221;style3&#8243;]<\/p>\n<ul>\n<li>Online (Zoom)<\/li>\n<li>1 Ay &#8211; 4 Mod\u00fcl &#8211; 6 saat<\/li>\n<li>Referans Kitap: Sunum At\u00f6lyesi<\/li>\n<\/ul>\n<p>[\/list][\/vc_column][\/vc_row][vc_row full_width=&#8221;stretch_row&#8221; equal_height=&#8221;yes&#8221; content_placement=&#8221;middle&#8221; css=&#8221;.vc_custom_1622553222968{margin-bottom: 0px !important;padding-top: 50px !important;padding-bottom: 90px !important;}&#8221; el_id=&#8221;donusum-treni&#8221;][vc_column width=&#8221;2\/3&#8243;][call_to_action element_tag=&#8221;h3&#8243; button_style=&#8221;btn-border-black&#8221; align=&#8221;left&#8221; title=&#8221;D\u00d6N\u00dc\u015e\u00dcM TREN\u0130&#8221; button_link=&#8221;url:https%3A%2F%2Fhandanozturk.com%2Fatolye-basvuru-formu%2F|title:KATILIM%20VE%20B%C4%B0LG%C4%B0%20FORMU&#8221; css=&#8221;.vc_custom_1621185393654{padding-right: 20px !important;}&#8221;]<strong>Amac\u0131:<\/strong><br \/>\nAma\u00e7lanan hale d\u00f6n\u00fc\u015f\u00fcm i\u00e7in mentorluk, ko\u00e7luk, dan\u0131\u015fmanl\u0131k, e\u011fitmenlik, rehberlik vb y\u00f6ntemler i\u00e7in s\u00fcrekli \u00fcretti\u011fim ve yurti\u00e7i\/yurtd\u0131\u015f\u0131 \u00e7al\u0131\u015fmalar\u0131mda kullan\u0131p etkisini izledi\u011fim ara\u00e7lar\u0131 payla\u015farak k\u0131ymetli yol arkada\u015flar\u0131m\u0131n gerek ki\u015fisel gerek kurumsal d\u00f6n\u00fc\u015f\u00fcm i\u00e7in \u00f6zg\u00fcn ara\u00e7lar \u00fcretmesine alan a\u00e7mak<\/p>\n<p><strong>Kimler kat\u0131lmal\u0131?<\/strong><br \/>\nKo\u00e7luk, mentorluk, dan\u0131\u015fmanl\u0131k, e\u011fitmenlik ve rehberlik ara\u00e7lar\u0131 kazanmak isteyenler<\/p>\n<p><strong>S\u00fcresi: <\/strong><br \/>\nHer ay 4 mod\u00fcl- min 6 saatin tamamland\u0131\u011f\u0131, yolculuk s\u00fcresini yolcular\u0131n kendilerinin belirledi\u011fi hareket halindeki bu tren her Sal\u0131 g\u00fcn\u00fc durup yolcu kabul ediyor.[\/call_to_action][\/vc_column][vc_column width=&#8221;1\/3&#8243;][list style=&#8221;style3&#8243;]<\/p>\n<ul>\n<li>Online (Zoom)<\/li>\n<li>Sal\u0131, 21:00-22:30<\/li>\n<li>Her ay 4 Mod\u00fcl &#8211; min. 6 saat<\/li>\n<\/ul>\n<p>[\/list][\/vc_column][\/vc_row][vc_row full_width=&#8221;stretch_row&#8221; equal_height=&#8221;yes&#8221; content_placement=&#8221;middle&#8221; css=&#8221;.vc_custom_1622553276011{margin-bottom: 0px !important;padding-top: 50px !important;padding-bottom: 90px !important;background-color: #f4f4f4 !important;}&#8221; el_id=&#8221;ozgun-liderlik-atolyesi&#8221;][vc_column width=&#8221;2\/3&#8243;][call_to_action element_tag=&#8221;h3&#8243; button_style=&#8221;btn-border-black&#8221; align=&#8221;left&#8221; title=&#8221;\u00d6ZG\u00dcN L\u0130DERL\u0130K AT\u00d6LYES\u0130&#8221; button_link=&#8221;url:https%3A%2F%2Fhandanozturk.com%2Fatolye-basvuru-formu%2F|title:KATILIM%20VE%20B%C4%B0LG%C4%B0%20FORMU&#8221; css=&#8221;.vc_custom_1621185404557{padding-right: 20px !important;}&#8221;]<strong>Amac\u0131:<\/strong><br \/>\n\u00c7\u00f6z\u00fcm Odakl\u0131l\u0131k, Hedef Odakl\u0131l\u0131k- Odaklanma, \u00d6zg\u00fcnl\u00fck, Stres &amp; Duygu Y\u00f6netimi, Empati, \u0130li\u015fki Geli\u015ftirme, Taktir etme, Y\u00f6nlendirme, Dahil Etme, G\u00fcd\u00fcleme, \u00d6z fark\u0131ndal\u0131k, \u00d6z \u015fefkat, \u00d6z bak\u0131m, \u0130\u015f &amp;Ya\u015fam Dengesi, Uyum ve adaptasyon, Karar alma, \u00d6nceliklendirme, Delegasyon, Durumsal liderlik, Vizyoner liderlik, Kat\u0131l\u0131mc\u0131 Liderlik, Zaman, \u0130nsan vb kaynaklar\u0131n etkin y\u00f6netimi, Stratejik D\u00fc\u015f\u00fcnme, Stratejik Planlama, Anlam Katma, Bar\u0131\u015f\u00e7\u0131l kafa yap\u0131s\u0131yla yakla\u015f\u0131m, Yarg\u0131s\u0131z g\u00f6zlem, Yarat\u0131c\u0131l\u0131k, G\u00fc\u00e7l\u00fc sorularla empatik dinleme, \u0130z b\u0131rakan g\u00fc\u00e7l\u00fc ifadeler, Sunum, \u00c7at\u0131\u015fma d\u00f6n\u00fc\u015f\u00fcm, De\u011fi\u015fim y\u00f6netimi, Farkl\u0131 profillerin ve ekiplerin y\u00f6netimi, Bili\u015fsel \u00c7eviklik, Dayan\u0131kl\u0131l\u0131k, Uzaktan y\u00f6netim vb \u00f6zg\u00fcn liderin s\u00fcrekli geli\u015ftirmesi gereken yetkinlikleri at\u00f6lyede sunulan ara\u00e7lar \u00fczerinden geli\u015ftirmek<\/p>\n<p><strong>Kimler kat\u0131lmal\u0131?<\/strong><br \/>\nYa\u015famlar\u0131n\u0131n t\u00fcm alanlar\u0131n\u0131n \u00f6zg\u00fcn lideri olmak isteyenler<\/p>\n<p>Bu at\u00f6lye online ve y\u00fcz y\u00fcze platformlarda T\u00fcrk\u00e7e ve \u0130ngilizce olarak verilmektedir.[\/call_to_action][\/vc_column][vc_column width=&#8221;1\/3&#8243;][list style=&#8221;style3&#8243;]<\/p>\n<ul>\n<li>Online (Zoom)<\/li>\n<li>3 Ay &#8211; 12 Mod\u00fcl &#8211; 18 saat<\/li>\n<\/ul>\n<p>[\/list][\/vc_column][\/vc_row][vc_row full_width=&#8221;stretch_row&#8221; equal_height=&#8221;yes&#8221; content_placement=&#8221;middle&#8221; css=&#8221;.vc_custom_1622553301091{margin-bottom: 0px !important;padding-top: 50px !important;padding-bottom: 90px !important;}&#8221; el_id=&#8221;kocluk-ve-mentorluk-araclari&#8221;][vc_column width=&#8221;2\/3&#8243;][call_to_action element_tag=&#8221;h3&#8243; button_style=&#8221;btn-border-black&#8221; align=&#8221;left&#8221; title=&#8221;KO\u00c7LUK VE MENTORLUK ARA\u00c7LARI \/ COACHING AND MENTOR\u0130NG TOOLS&#8221; button_link=&#8221;url:https%3A%2F%2Fhandanozturk.com%2Fatolye-basvuru-formu%2F|title:KATILIM%20VE%20B%C4%B0LG%C4%B0%20FORMU&#8221; css=&#8221;.vc_custom_1621185424964{padding-right: 20px !important;}&#8221;]<strong>Amac\u0131:<\/strong><br \/>\n\u0130ngilizce ve T\u00fcrk\u00e7e dillerinde d\u00fczenledi\u011fim bu at\u00f6lyede;<\/p>\n<p>\u2022 Uluslararas\u0131 arenada kabul g\u00f6rm\u00fc\u015f 3 farkl\u0131 ekol\u00fcn altyap\u0131s\u0131yla yurti\u00e7i ve yurtd\u0131\u015f\u0131 \u00e7al\u0131\u015fmalar\u0131mda geli\u015ftirip, kullan\u0131p sonu\u00e7lar\u0131n\u0131 izledi\u011fim ko\u00e7luk mentorluk ara\u00e7lar\u0131 payla\u015fmay\u0131<br \/>\n\u2022 11 y\u0131ld\u0131r yurti\u00e7i ve yurtd\u0131\u015f\u0131 VIP lere ko\u00e7luk, mentorluk ve dan\u0131\u015fmanl\u0131k hizmetleri veren 4300+ ger\u00e7ekle\u015ftirdi\u011fim seans deneyimi ile bizzat kat\u0131ld\u0131\u011f\u0131m ICF \u00fcnvanlama s\u0131navlar\u0131na haz\u0131rlanan ko\u00e7lara mentorluk deneyimimi aktarmay\u0131<br \/>\n\u2022 Uluslararas\u0131 platformdaki s\u0131nav ve m\u00fclakatlarda d\u00fcnyadaki ilk 40 \u00fcst d\u00fczey y\u00f6netici ko\u00e7u aras\u0131na kat\u0131lmay\u0131 ba\u015farm\u0131\u015f oldu\u011fum s\u00fcre\u00e7te edindi\u011fim deneyimlerimi payla\u015fmay\u0131<br \/>\n\u2022 Kat\u0131l\u0131mc\u0131lar\u0131n ger\u00e7ekle\u015ftirmi\u015f olduklar\u0131 veya at\u00f6lye s\u00fcresince ger\u00e7ekle\u015ftirecekleri ko\u00e7luk seanslar\u0131 \u00fczerinde mentorluk yapmay\u0131<br \/>\n\u2022 Ko\u00e7luk s\u00fcrekli becerilerini geli\u015ftirmeyi<br \/>\n\u2022 Seanslarda zaman\u0131 etkin kullanmay\u0131 ve hizmet kalitesini art\u0131rmay\u0131<br \/>\n\u2022 \u00dcnvan s\u0131navlar\u0131na haz\u0131rlanmay\u0131<br \/>\n\u2022 ICF s\u0131navlar\u0131n\u0131n mentorluk gereklili\u011fini tamamlamay\u0131<br \/>\n\u2022 \u0130ngilizce ko\u00e7luk terminolojisine hakim olup \u0130ngilizce ko\u00e7luk yapmak isteyen ICF onayl\u0131 temel ko\u00e7luk e\u011fitimini tamamlam\u0131\u015f ko\u00e7lar\u0131n s\u00fcrekli geli\u015fimlerini katk\u0131da bulunmay\u0131 ama\u00e7l\u0131yorum.<\/p>\n<p><strong>Kimler kat\u0131lmal\u0131?<\/strong><br \/>\n\u0130ngilizce y\u00fcr\u00fct\u00fclen program i\u00e7in \u0130ngilizce diline hakim ICF onayl\u0131 ko\u00e7luk e\u011fitimini tamamlam\u0131\u015f ko\u00e7luk hizmetlerini uluslararas\u0131 arenaya ta\u015f\u0131mak isteyen, \u00fcnvan s\u0131navlar\u0131na haz\u0131rlanan, ICF s\u0131nav\u0131n\u0131n mentorluk gereklili\u011fini tamamlamak isteyen, ko\u00e7luk becerilerini s\u00fcrekli geli\u015ftimek isteyen ki\u015filer.<\/p>\n<p>Bu at\u00f6lye online ve y\u00fcz y\u00fcze platformlarda T\u00fcrk\u00e7e ve \u0130ngilizce olarak verilmektedir.[\/call_to_action][\/vc_column][vc_column width=&#8221;1\/3&#8243;][list style=&#8221;style3&#8243;]<\/p>\n<ul>\n<li>Online (Zoom)<\/li>\n<li>1 ay &#8211; 4 mod\u00fcl &#8211; 10 saat<\/li>\n<\/ul>\n<p>[\/list][\/vc_column][\/vc_row][vc_row full_width=&#8221;stretch_row&#8221; equal_height=&#8221;yes&#8221; content_placement=&#8221;middle&#8221; css=&#8221;.vc_custom_1622553327790{margin-bottom: 0px !important;padding-top: 50px !important;padding-bottom: 90px !important;background-color: #f4f4f4 !important;}&#8221; el_id=&#8221;stratejik-kurumsal-iyilesme-buyume-ve-yonetim&#8221;][vc_column width=&#8221;2\/3&#8243;][call_to_action element_tag=&#8221;h3&#8243; button_style=&#8221;btn-border-black&#8221; align=&#8221;left&#8221; title=&#8221;STRATEJ\u0130K KURUMSAL \u0130Y\u0130LE\u015eME, B\u00dcY\u00dcME VE Y\u00d6NET\u0130M&#8221; button_link=&#8221;url:https%3A%2F%2Fhandanozturk.com%2Fatolye-basvuru-formu%2F|title:KATILIM%20VE%20B%C4%B0LG%C4%B0%20FORMU&#8221; css=&#8221;.vc_custom_1621185431702{padding-right: 20px !important;}&#8221;]<strong>Amac\u0131:<\/strong><br \/>\nBu at\u00f6lye kurumsal d\u00f6n\u00fc\u015f\u00fcm \u00e7\u00f6z\u00fcmleri ve ara\u00e7lar\u0131 sunarak, rakipler aras\u0131ndan s\u0131yr\u0131larak fark\u0131n\u0131 ortaya koymak, yurti\u00e7i ve yurtd\u0131\u015f\u0131 pazarlarda pazarl\u0131k g\u00fcc\u00fcn\u00fc art\u0131rmak, mevcut kaynaklar\u0131n\u0131 verimli y\u00f6neterek kar\u0131l\u0131\u011f\u0131n\u0131 art\u0131rmak, \u00f6zg\u00fcn ve \u00e7evik olmak isteyen \u015firketlerin potansiyeli performansa, performans\u0131 karl\u0131l\u0131\u011fa d\u00f6n\u00fc\u015ft\u00fcrmesine katk\u0131 sunmay\u0131 ama\u00e7l\u0131yor.<\/p>\n<p><strong>At\u00f6lye \u0130\u00e7eri\u011fi: <\/strong><br \/>\n\u2022 Mevcut Durum Analiz Ara\u00e7lar\u0131<br \/>\n\u2022 \u0130\u015f Tan\u0131m\u0131 ve Strateji Belirleme<br \/>\n\u2022 Stratejik Hedefler ve Planlama<br \/>\n\u2022 Pazar Ara\u015ft\u0131rma Ara\u00e7lar\u0131<br \/>\n\u2022 Kurumsal Kimlik ve Kurumsal De\u011ferler<br \/>\n\u2022 Kurumsal \u0130leti\u015fim<br \/>\n\u2022 K\u00fclt\u00fcrleraras\u0131 \u0130\u0130eti\u015fim<br \/>\n\u2022 Aile \u015eirketlerinde Ku\u015faklararas\u0131 \u00c7at\u0131\u015fma D\u00f6n\u00fc\u015f\u00fcm\u00fc<br \/>\n\u2022 Kurumi\u00e7i Birlik ve G\u00fcven Olu\u015fturma<\/p>\n<p><strong>Kimler kat\u0131lmal\u0131?<\/strong><br \/>\nKarar verici y\u00f6neticiler<\/p>\n<p>Bu at\u00f6lye online ve y\u00fcz y\u00fcze platformlarda T\u00fcrk\u00e7e ve \u0130ngilizce olarak verilmektedir.[\/call_to_action][\/vc_column][vc_column width=&#8221;1\/3&#8243;][list style=&#8221;style3&#8243;]<\/p>\n<ul>\n<li>Online (Zoom)<\/li>\n<li>1 ay &#8211; 4 mod\u00fcl &#8211; 6 saat<\/li>\n<\/ul>\n<p>[\/list][\/vc_column][\/vc_row]<\/p>\n","protected":false},"excerpt":{"rendered":"<p>[vc_row full_width=&#8221;stretch_row&#8221; bg_type=&#8221;image&#8221; bg_image_new=&#8221;3091&#8243; enable_overlay=&#8221;enable_overlay_value&#8221; overlay_style=&#8221;custom_gradient&#8221; overlay_opacity=&#8221;90&#8243; css=&#8221;.vc_custom_1711198097025{margin-bottom: 0px !important;padding-top: 50px !important;padding-bottom: 50px !important;}&#8221; overlay_grad=&#8221;background: -webkit-gradient(linear, left top, left bottom, color-stop(0%, #CDFFD8), color-stop(99%, #94B9FF));background: -moz-linear-gradient(top,#CDFFD8 0%,#94B9FF 99%);background: -webkit-linear-gradient(top,#CDFFD8 0%,#94B9FF 99%);background: -o-linear-gradient(top,#CDFFD8 0%,#94B9FF 99%);background: -ms-linear-gradient(top,#CDFFD8 0%,#94B9FF 99%);background: linear-gradient(top,#CDFFD8 0%,#94B9FF 99%);&#8221;][vc_column][vc_custom_heading text=&#8221;\u00d6zg\u00fcn At\u00f6lyeler&#8221; font_container=&#8221;tag:h1|font_size:60px|text_align:center|color:%23ffffff|line_height:1em&#8221; use_theme_fonts=&#8221;yes&#8221;][\/vc_column][\/vc_row][vc_row full_width=&#8221;stretch_row&#8221; equal_height=&#8221;yes&#8221; content_placement=&#8221;middle&#8221; css=&#8221;.vc_custom_1622555529288{padding-top: 50px !important;padding-bottom: 50px !important;}&#8221; el_id=&#8221;tum-atolyeler&#8221;][vc_column width=&#8221;2\/3&#8243;][vc_column_text] Olumlu d\u00f6n\u00fc\u015f\u00fcmler [&hellip;]<\/p>\n","protected":false},"author":1,"featured_media":0,"parent":0,"menu_order":0,"comment_status":"closed","ping_status":"closed","template":"","meta":{"footnotes":""},"aioseo_notices":[],"_links":{"self":[{"href":"https:\/\/handanozturk.com\/tr\/wp-json\/wp\/v2\/pages\/3125"}],"collection":[{"href":"https:\/\/handanozturk.com\/tr\/wp-json\/wp\/v2\/pages"}],"about":[{"href":"https:\/\/handanozturk.com\/tr\/wp-json\/wp\/v2\/types\/page"}],"author":[{"embeddable":true,"href":"https:\/\/handanozturk.com\/tr\/wp-json\/wp\/v2\/users\/1"}],"replies":[{"embeddable":true,"href":"https:\/\/handanozturk.com\/tr\/wp-json\/wp\/v2\/comments?post=3125"}],"version-history":[{"count":7,"href":"https:\/\/handanozturk.com\/tr\/wp-json\/wp\/v2\/pages\/3125\/revisions"}],"predecessor-version":[{"id":4536,"href":"https:\/\/handanozturk.com\/tr\/wp-json\/wp\/v2\/pages\/3125\/revisions\/4536"}],"wp:attachment":[{"href":"https:\/\/handanozturk.com\/tr\/wp-json\/wp\/v2\/media?parent=3125"}],"curies":[{"name":"wp","href":"https:\/\/api.w.org\/{rel}","templated":true}]}}