{"id":4915,"date":"2021-05-17T19:01:46","date_gmt":"2021-05-17T16:01:46","guid":{"rendered":"https:\/\/handanozturk.com\/referanslar\/"},"modified":"2024-05-20T14:21:05","modified_gmt":"2024-05-20T11:21:05","slug":"referanslar","status":"publish","type":"page","link":"https:\/\/handanozturk.com\/en\/referanslar\/","title":{"rendered":"REFERENCES"},"content":{"rendered":"<p>[vc_row full_width=&#8221;stretch_row&#8221; bg_type=&#8221;image&#8221; bg_image_new=&#8221;785&#8243; enable_overlay=&#8221;enable_overlay_value&#8221; overlay_style=&#8221;custom_gradient&#8221; overlay_opacity=&#8221;90&#8243; css=&#8221;.vc_custom_1713215032339{margin-bottom: 0px !important;padding-top: 50px !important;padding-bottom: 50px !important;}&#8221; overlay_grad=&#8221;background: -webkit-gradient(linear, left top, left bottom, color-stop(0%, #94B9FF), color-stop(100%, #CDFFD8));background: -moz-linear-gradient(top,#94B9FF 0%,#CDFFD8 100%);background: -webkit-linear-gradient(top,#94B9FF 0%,#CDFFD8 100%);background: -o-linear-gradient(top,#94B9FF 0%,#CDFFD8 100%);background: -ms-linear-gradient(top,#94B9FF 0%,#CDFFD8 100%);background: linear-gradient(top,#94B9FF 0%,#CDFFD8 100%);&#8221;][vc_column][vc_custom_heading text=&#8221;References&#8221; font_container=&#8221;tag:h1|font_size:60px|text_align:center|color:%23ffffff|line_height:1em&#8221; use_theme_fonts=&#8221;yes&#8221;][\/vc_column][\/vc_row][vc_row full_width=&#8221;stretch_row&#8221; css=&#8221;.vc_custom_1461087885406{margin-bottom: 0px !important;padding-top: 100px !important;padding-bottom: 20px !important;background-color: #fbfbfb !important;}&#8221;][vc_column width=&#8221;1\/3&#8243; el_class=&#8221;wow fadeInUp&#8221;][vc_column_text]1PASSWORD<br \/>\nAB INBEV<br \/>\nAB\u0130GEM<br \/>\nA\u0130ESEC<br \/>\nAK INSURANCE<br \/>\nANKARA SOCIAL SCIENCES INSTITUTE<br \/>\nATILIM UNIVERSITY<br \/>\nAYTEM\u0130Z PETROLEUM GROUP<br \/>\nTHE NATURE CONSERVATION CENTER<br \/>\nDO\u011eA KOLEJLER\u0130<br \/>\nECZACIBA\u015eI<br \/>\nEP\u0130K GROUP<br \/>\nACCENTURE<br \/>\nAMERICAN EXPRESS<br \/>\nAPPLE<br \/>\nAPPS FLYER<br \/>\nATLAS CORPS<br \/>\nAU BON PAIN USA<br \/>\nBAKER HUGHES<br \/>\nB\/S\/H<br \/>\nBALL CORPORATION<br \/>\nBANK OF NEW YORK<br \/>\nBAYER<br \/>\nBIOMARIN PHARMACEUTICAL<br \/>\nBLACKROCK INC.<br \/>\nBON SECOURS MERCY HEALTH<br \/>\nBP<br \/>\nCANPOTEX LIMITED<br \/>\nCAPITAL ONE<br \/>\nCASTROL<br \/>\nCATERPILLAR<br \/>\nCHANEL<br \/>\nCHEVRON<br \/>\nCIGNA CORPORATION<br \/>\nCISCO SYSTEM, INC.<br \/>\nCOLGATE-PALMOLIVE<br \/>\nCOUPA<br \/>\nCROWDSTRIKE<br \/>\nCUPERTINO ELECTRIC, INC.<br \/>\nDAI CONSULTANCY<br \/>\nDELIVERY HERO<br \/>\nDELL TECHNOLOGIES INC.<br \/>\nDELOITTE<br \/>\nDLA<br \/>\nDYSON LTD<br \/>\nEDWARDS LIFESC\u0130ENCES<br \/>\nELECTROWOLD<br \/>\nELLISDON<br \/>\nENVU<br \/>\nEPAM SYSTEMS<br \/>\nEUROPE CONGRESS<br \/>\nSCHOOLS OF FINAL ACADEMY<br \/>\nTURKISH MINISTRY OF INTERNAL AFFAIRS DIRECTORATE OF MIGRATION MANAGEMENT<br \/>\nEXPEL[\/vc_column_text][\/vc_column][vc_column width=&#8221;1\/3&#8243; el_class=&#8221;wow fadeInUp delay-200&#8243;][vc_column_text]FEDERAL RESERVE BANK OF NEW YORK<br \/>\nFOOTE, CONE &amp;BELDING<br \/>\nFOUR SEASONS HOTELS<br \/>\nGILEAD SCIENCES<br \/>\nGINKGO BIOWORKS<br \/>\nGLOBAL REFERENCES<br \/>\nGOODYEAR<br \/>\nGOOGLE<br \/>\nGRAB<br \/>\nH.W.KAUFMAN<br \/>\nHACETTEPE UNIVERSITY HILLSIDE INTERNATIONAL<br \/>\nSWISS EMBASSY<br \/>\nISUZU<br \/>\nICC-INTERNAT\u0130ONAL CHAMBER OF COMMERCE<br \/>\nILO-INTERNAT\u0130ONAL LABOUR ORGANIZATION<br \/>\nIOM- INTERNATIONAL ORGANIZATION MIGRATION<br \/>\nITC-INTERNAT\u0130ONAL TRADE CENTER- ULUSLARARASI T\u0130CARET MERKEZ\u0130<br \/>\nIT B\u0130LG\u0130N\u00c7<br \/>\nIIHT INFORMATION TECHNOLOGY<br \/>\nKOPA\u015e A\u015e<br \/>\nRED CRESCENT<br \/>\nHILTON<br \/>\nHP INC<br \/>\nHUBBELL INCORPORATED<br \/>\nIBM<br \/>\nINTUIT<br \/>\nJOBY AVIATION<br \/>\nJONES LONG LASALLE<br \/>\nJUST EAT TAKEAWAY<br \/>\nJUSTWORKS<br \/>\nKARIUS<br \/>\nKRAKEN<br \/>\nKEARNEY<br \/>\nKING<br \/>\nLEGO GROUPS<br \/>\nLEIDOS, INC<br \/>\nMANERIS SOLUTIONS CORPORATION<br \/>\nMARS, INC.<br \/>\nMASCOCORP<br \/>\nMATTEL, INC.<br \/>\nMGI COUT\u0130ER<br \/>\nMUSTAFA NEVZAT PHARMACEUTICAL<br \/>\nNESTLE WATERS<br \/>\nNIRAS INTERNATIONAL CONSULTING<br \/>\nMOLSON COORS BEVERAGE COMPANY<br \/>\nMUBADALA<br \/>\nNATIONAL GRID<br \/>\nNATIONAL INSTRUMENTS CORPORATION<br \/>\nNETAPP<br \/>\nNOVARTIS CORP.<br \/>\nNOVO NORDISK INC<br \/>\nOLTA\u015e<br \/>\nMIDDLE EAST TECHNICAL UNIVERSITY<br \/>\nMIDDLE BLACKSEE DEVELOPMENT AGENCY<br \/>\nOST\u0130M[\/vc_column_text][\/vc_column][vc_column width=&#8221;1\/3&#8243; el_class=&#8221;wow fadeInUp delay-400&#8243;][vc_column_text]PENT\u0130<br \/>\nPETL\u0130NE<br \/>\nPROJECT GROUP CONSULTANCY<br \/>\nPUBLICIS GROUP<br \/>\nRASH\u0130DEEN HOLDING UAE<br \/>\nROTARY CLUB<br \/>\nTURKISH COAST GUARD<br \/>\nOLX GROUP<br \/>\nPHILIP MORRIS INTERNATIONAL INC<br \/>\nPHIZER INC.<br \/>\nPURE STORAGE<br \/>\nQUALCOMM<br \/>\nREFERENCES<br \/>\nROBINHOOD<br \/>\nROCHE<br \/>\nSALESFORCE<br \/>\nSAMA<br \/>\nSMALLPDF<br \/>\nSPLUNK<br \/>\nSTRANFORD UNIVERSITY<br \/>\nSUVODA<br \/>\nTABREED<br \/>\nTALABAT<br \/>\nTEF\u0130ROM<br \/>\nTURKISH AMERICAN ASSOCIATION<br \/>\nTEXAS CHILDREN\u2019S<br \/>\nTJX COMPANIES INC<br \/>\nTOBB<br \/>\nTOBB UNIVERSITY<br \/>\nTPIC -TURKISH PETROLEUM INTERNATIONAL COMPANY<br \/>\nTP- TURKISH PETROLEUM<br \/>\nTUBIRAKB\u0130TAK<br \/>\nUNDP<br \/>\nTONES LONG LASALLE<br \/>\nTURKISH MINISTRY OF ENVIRONMENT AND URBANIZATION<br \/>\nTHE INVESTMENT OFFICE OF THE PRES\u0130DENT OF REPUBLIC OF TURKEY<br \/>\nTURKISH MINISTRY OF FAMILY AND SOCIAL SERVICES<br \/>\nTURKISH MINISTRY OF INTERNAL AFFAIRS DISASTER AND EMERGENCY PRESIDENCY<br \/>\nTURKISH MINISTRY OF LABOUR AND SOCIAL SECURITY<br \/>\nUNILEVER<br \/>\nUN\u0130ON OF MUNICIPALITIES OF TURKEY<br \/>\nUNITED NATIONS<br \/>\n\u00dcSK\u00dcDAR UNIVERSITY<br \/>\nUS DEPARTMENT OF THE AIR FORCE<br \/>\nVISA<br \/>\nVMWARE<br \/>\nWALKME, INC.<br \/>\nWARNER BROS DISCOVERY<br \/>\nWEGLOBAL CONSULTANCY<br \/>\nWTO-WORLD TRADE ORGAN\u0130ZAT\u0130ON- D\u00dcNYA T\u0130CARET \u00d6RG\u00dcT\u00dc<br \/>\nWYG CONSULTANCY<br \/>\nZ\u0130RAAT BANK<br \/>\nWM WARE<br \/>\nZENDESK[\/vc_column_text][\/vc_column][\/vc_row]<\/p>\n","protected":false},"excerpt":{"rendered":"<p>[vc_row full_width=&#8221;stretch_row&#8221; bg_type=&#8221;image&#8221; bg_image_new=&#8221;785&#8243; enable_overlay=&#8221;enable_overlay_value&#8221; overlay_style=&#8221;custom_gradient&#8221; overlay_opacity=&#8221;90&#8243; css=&#8221;.vc_custom_1713215032339{margin-bottom: 0px !important;padding-top: 50px !important;padding-bottom: 50px !important;}&#8221; overlay_grad=&#8221;background: -webkit-gradient(linear, left top, left bottom, color-stop(0%, #94B9FF), color-stop(100%, #CDFFD8));background: -moz-linear-gradient(top,#94B9FF 0%,#CDFFD8 100%);background: -webkit-linear-gradient(top,#94B9FF 0%,#CDFFD8 100%);background: -o-linear-gradient(top,#94B9FF 0%,#CDFFD8 100%);background: -ms-linear-gradient(top,#94B9FF 0%,#CDFFD8 100%);background: linear-gradient(top,#94B9FF 0%,#CDFFD8 100%);&#8221;][vc_column][vc_custom_heading text=&#8221;References&#8221; font_container=&#8221;tag:h1|font_size:60px|text_align:center|color:%23ffffff|line_height:1em&#8221; use_theme_fonts=&#8221;yes&#8221;][\/vc_column][\/vc_row][vc_row full_width=&#8221;stretch_row&#8221; css=&#8221;.vc_custom_1461087885406{margin-bottom: 0px !important;padding-top: 100px !important;padding-bottom: 20px !important;background-color: #fbfbfb !important;}&#8221;][vc_column width=&#8221;1\/3&#8243; el_class=&#8221;wow fadeInUp&#8221;][vc_column_text]1PASSWORD [&hellip;]<\/p>\n","protected":false},"author":1,"featured_media":0,"parent":0,"menu_order":0,"comment_status":"closed","ping_status":"closed","template":"","meta":{"footnotes":""},"aioseo_notices":[],"_links":{"self":[{"href":"https:\/\/handanozturk.com\/en\/wp-json\/wp\/v2\/pages\/4915"}],"collection":[{"href":"https:\/\/handanozturk.com\/en\/wp-json\/wp\/v2\/pages"}],"about":[{"href":"https:\/\/handanozturk.com\/en\/wp-json\/wp\/v2\/types\/page"}],"author":[{"embeddable":true,"href":"https:\/\/handanozturk.com\/en\/wp-json\/wp\/v2\/users\/1"}],"replies":[{"embeddable":true,"href":"https:\/\/handanozturk.com\/en\/wp-json\/wp\/v2\/comments?post=4915"}],"version-history":[{"count":4,"href":"https:\/\/handanozturk.com\/en\/wp-json\/wp\/v2\/pages\/4915\/revisions"}],"predecessor-version":[{"id":4975,"href":"https:\/\/handanozturk.com\/en\/wp-json\/wp\/v2\/pages\/4915\/revisions\/4975"}],"wp:attachment":[{"href":"https:\/\/handanozturk.com\/en\/wp-json\/wp\/v2\/media?parent=4915"}],"curies":[{"name":"wp","href":"https:\/\/api.w.org\/{rel}","templated":true}]}}